{"id":4074,"date":"2025-09-02T16:00:37","date_gmt":"2025-09-02T16:00:37","guid":{"rendered":"https:\/\/feguars.es\/?page_id=4074"},"modified":"2025-09-02T16:01:39","modified_gmt":"2025-09-02T16:01:39","slug":"canco-de-matinada","status":"publish","type":"page","link":"https:\/\/feguars.es\/?page_id=4074","title":{"rendered":"Can\u00e7\u00f3 de Matinada"},"content":{"rendered":"<p><a href=\"http:\/\/feguars.es\/wp-content\/uploads\/2025\/09\/Canco-de-Matinada-73-x-92-Cm.jpg\" data-gallery><img loading=\"lazy\" decoding=\"async\" class=\"aligncenter wp-image-4071 size-medium\" src=\"http:\/\/feguars.es\/wp-content\/uploads\/2025\/09\/Canco-de-Matinada-73-x-92-Cm-300x240.jpg\" alt=\"\" width=\"300\" height=\"240\" srcset=\"https:\/\/feguars.es\/wp-content\/uploads\/2025\/09\/Canco-de-Matinada-73-x-92-Cm-300x240.jpg 300w, https:\/\/feguars.es\/wp-content\/uploads\/2025\/09\/Canco-de-Matinada-73-x-92-Cm-1024x821.jpg 1024w, https:\/\/feguars.es\/wp-content\/uploads\/2025\/09\/Canco-de-Matinada-73-x-92-Cm-768x616.jpg 768w, https:\/\/feguars.es\/wp-content\/uploads\/2025\/09\/Canco-de-Matinada-73-x-92-Cm-1536x1231.jpg 1536w, https:\/\/feguars.es\/wp-content\/uploads\/2025\/09\/Canco-de-Matinada-73-x-92-Cm.jpg 1900w\" sizes=\"auto, (max-width: 300px) 100vw, 300px\" \/><\/a><\/p>\n<p>&nbsp;<\/p>\n<table width=\"94%\">\n<tbody>\n<tr>\n<td width=\"24%\"><strong>T\u00edtulo<\/strong><\/td>\n<td>Can\u00e7\u00f3 de Matinada<\/td>\n<\/tr>\n<tr>\n<td width=\"24%\"><strong>Medidas<\/strong><\/td>\n<td>73 x 92 cm<\/td>\n<\/tr>\n<tr>\n<td width=\"24%\"><strong>T\u00e9cnica<\/strong><\/td>\n<td>\u00d3leo sobre lienzo.<\/td>\n<\/tr>\n<tr>\n<td colspan=\"2\"><strong>Basado en la canci\u00f3n hom\u00f3nima de Joan Manuel Serrat<\/strong><\/td>\n<\/tr>\n<\/tbody>\n<\/table>\n<p>&nbsp;<\/p>\n<p style=\"padding-left: 80px;\">Ens ho ha de dir la veu tremolosa<br \/>\ny trista d&#8217;un campanar.<br \/>\nUn cop de llum i el crit de d&#8217;una garsa<br \/>\nque ha despertat amb fam i busca<br \/>\nper entre blats i civades<br \/>\nqualsevol cosa per omplir el pap.<br \/>\nO potser un gall<br \/>\nque dins la cort canta.<br \/>\nLa nit \u00e9s morta, i ja es fa clar,<br \/>\nla nit \u00e9s morta, i ja es fa clar.<\/p>\n<p style=\"padding-left: 80px;\">Mentre jo canto, de matinada,<br \/>\nla vila \u00e9s adormida encara.<\/p>\n<p style=\"padding-left: 80px;\">S&#8217;han despertat mullades les fulles<br \/>\ndel camp d&#8217;alfals ve\u00ed.<br \/>\nS&#8217;espolsen l&#8217;aigua de la rosada<br \/>\nmentre que arriba la matinada<br \/>\ni el sol que les escalfa<br \/>\nfins que les tallin d&#8217;un cop de fal\u00e7.<br \/>\nAlcen la testa<br \/>\nmullada i fresca.<br \/>\nPer a caure a terra massa temps hi ha,<br \/>\nper a caure a terra massa temps hi ha.<\/p>\n<p style=\"padding-left: 80px;\">Dintre la vila ja plora un nen<br \/>\ni pels afores corren els bens.<\/p>\n<p style=\"padding-left: 80px;\">I amb el sarr\u00f3 i la b\u00f3ta a l&#8217;esquena,<br \/>\ni amb un bast\u00f3 a la m\u00e0,<br \/>\nse&#8217;n va el pastor i el seu gos d&#8217;atura,<br \/>\nse&#8217;n van cap unes altres pastures.<br \/>\nTrencant rius i cabanyes<br \/>\na les muntanyes volen tornar.<br \/>\nSurt amb l&#8217;aurora,<br \/>\ncal sortit d&#8217;hora:<br \/>\nel cam\u00ed que han de fer \u00e9s molt llarg,<br \/>\nel cam\u00ed que han de fer \u00e9s molt llarg.<\/p>\n<p style=\"padding-left: 80px;\">Cap a vila ja ve el pag\u00e8s,<br \/>\nla bossa buida i el carro ple.<\/p>\n<p style=\"padding-left: 80px;\">De roig tom\u00e0quet i de verdures<br \/>\ncollides del seu hort.<br \/>\nLa mula sua, el carro crida<br \/>\ni l&#8217;home tanca els ulls i somnia<br \/>\nmentre el sol es lleva<br \/>\nd&#8217;un llit d&#8217;alzines, enlluernant<br \/>\na les velletes<br \/>\nque, pansidetes,<br \/>\ncap a l&#8217;esgl\u00e9sia van caminant,<br \/>\ncap a l&#8217;esgl\u00e9sia van caminant.<\/p>\n<p style=\"padding-left: 80px;\">I ara jo canto de matinada,<br \/>\nla vila \u00e9s adormida encara.<\/p>\n<p>&nbsp;<\/p>\n","protected":false},"excerpt":{"rendered":"<p>&nbsp; T\u00edtulo Can\u00e7\u00f3 de Matinada Medidas 73 x 92 cm T\u00e9cnica \u00d3leo sobre lienzo. Basado en la canci\u00f3n hom\u00f3nima de Joan Manuel Serrat &nbsp; Ens ho ha de dir la veu tremolosa y trista d&#8217;un campanar. Un cop de llum <span class=\"excerpt-dots\">&hellip;<\/span> <a class=\"more-link\" href=\"https:\/\/feguars.es\/?page_id=4074\"><span class=\"more-msg\">Sigue leyendo &rarr;<\/span><\/a><\/p>\n","protected":false},"author":1,"featured_media":4071,"parent":174,"menu_order":0,"comment_status":"closed","ping_status":"closed","template":"","meta":{"footnotes":""},"class_list":["post-4074","page","type-page","status-publish","has-post-thumbnail","hentry"],"_links":{"self":[{"href":"https:\/\/feguars.es\/index.php?rest_route=\/wp\/v2\/pages\/4074","targetHints":{"allow":["GET"]}}],"collection":[{"href":"https:\/\/feguars.es\/index.php?rest_route=\/wp\/v2\/pages"}],"about":[{"href":"https:\/\/feguars.es\/index.php?rest_route=\/wp\/v2\/types\/page"}],"author":[{"embeddable":true,"href":"https:\/\/feguars.es\/index.php?rest_route=\/wp\/v2\/users\/1"}],"replies":[{"embeddable":true,"href":"https:\/\/feguars.es\/index.php?rest_route=%2Fwp%2Fv2%2Fcomments&post=4074"}],"version-history":[{"count":1,"href":"https:\/\/feguars.es\/index.php?rest_route=\/wp\/v2\/pages\/4074\/revisions"}],"predecessor-version":[{"id":4076,"href":"https:\/\/feguars.es\/index.php?rest_route=\/wp\/v2\/pages\/4074\/revisions\/4076"}],"up":[{"embeddable":true,"href":"https:\/\/feguars.es\/index.php?rest_route=\/wp\/v2\/pages\/174"}],"wp:featuredmedia":[{"embeddable":true,"href":"https:\/\/feguars.es\/index.php?rest_route=\/wp\/v2\/media\/4071"}],"wp:attachment":[{"href":"https:\/\/feguars.es\/index.php?rest_route=%2Fwp%2Fv2%2Fmedia&parent=4074"}],"curies":[{"name":"wp","href":"https:\/\/api.w.org\/{rel}","templated":true}]}}