{"id":4077,"date":"2025-09-02T16:12:52","date_gmt":"2025-09-02T16:12:52","guid":{"rendered":"https:\/\/feguars.es\/?page_id=4077"},"modified":"2025-09-02T16:13:17","modified_gmt":"2025-09-02T16:13:17","slug":"abre-la-puerta","status":"publish","type":"page","link":"https:\/\/feguars.es\/?page_id=4077","title":{"rendered":"Abre la puerta"},"content":{"rendered":"<p><a href=\"http:\/\/feguars.es\/wp-content\/uploads\/2025\/09\/Abre-la-puerta-73-x-92-Cm.jpg\" data-gallery><img loading=\"lazy\" decoding=\"async\" class=\"aligncenter wp-image-4073 size-medium\" src=\"http:\/\/feguars.es\/wp-content\/uploads\/2025\/09\/Abre-la-puerta-73-x-92-Cm-300x237.jpg\" alt=\"\" width=\"300\" height=\"237\" srcset=\"https:\/\/feguars.es\/wp-content\/uploads\/2025\/09\/Abre-la-puerta-73-x-92-Cm-300x237.jpg 300w, https:\/\/feguars.es\/wp-content\/uploads\/2025\/09\/Abre-la-puerta-73-x-92-Cm-768x607.jpg 768w, https:\/\/feguars.es\/wp-content\/uploads\/2025\/09\/Abre-la-puerta-73-x-92-Cm.jpg 1000w\" sizes=\"auto, (max-width: 300px) 100vw, 300px\" \/><\/a><\/p>\n<table width=\"94%\">\n<tbody>\n<tr>\n<td width=\"24%\"><strong>T\u00edtulo<\/strong><\/td>\n<td>T\u00edtulo: Abre la puerta<\/td>\n<\/tr>\n<tr>\n<td width=\"24%\"><strong>Medidas<\/strong><\/td>\n<td>73 x 92 cm<\/td>\n<\/tr>\n<tr>\n<td width=\"24%\"><strong>T\u00e9cnica<\/strong><\/td>\n<td>\u00d3leo sobre lienzo.<\/td>\n<\/tr>\n<tr>\n<td colspan=\"2\"><strong> Basado en la canci\u00f3n hom\u00f3nima de Triana. \u00a0<\/strong><\/td>\n<\/tr>\n<\/tbody>\n<\/table>\n<p style=\"text-align: center;\">Yo quise subir al cielo para ver<br \/>\nY bajar hasta el infierno para comprender<br \/>\nQu\u00e9 motivo es<br \/>\nQue nos impide ver<br \/>\nDentro de ti<br \/>\nDentro de ti<br \/>\nDentro de m\u00ed<\/p>\n<p style=\"text-align: center;\">Abre la puerta, ni\u00f1a<br \/>\nQue el d\u00eda va a comenzar<br \/>\nSe marchan todos los sue\u00f1os<br \/>\nQu\u00e9 pena da despertar<\/p>\n<p style=\"text-align: center;\">Por la ma\u00f1ana amanece<br \/>\nLa vida y una ilusi\u00f3n<br \/>\nDeseos que se retuercen<br \/>\nMuy dentro del coraz\u00f3n<\/p>\n<p style=\"text-align: center;\">So\u00f1aba que te quer\u00eda<br \/>\nSo\u00f1aba que era verdad<br \/>\nQue los luceros ten\u00edan<br \/>\nMisterio para so\u00f1ar<\/p>\n<p style=\"text-align: center;\">Hay una fuente, ni\u00f1a<br \/>\nQue la llaman \u00abdel amor\u00bb<br \/>\nDonde bailan los luceros<br \/>\nY la luna con el sol<\/p>\n<p style=\"text-align: center;\">Abre la puerta ni\u00f1a<br \/>\nY dale paso al amor<br \/>\nMira qu\u00e9 destello tiene<br \/>\nEsa nube con el sol<\/p>\n<p style=\"text-align: center;\">Por la ma\u00f1ana amanece<br \/>\nLa vida y una ilusi\u00f3n<br \/>\nDeseos que se retuercen<br \/>\nMuy dentro del coraz\u00f3n<\/p>\n<p style=\"text-align: center;\">Hay una fuente, ni\u00f1a<br \/>\nQue la llaman \u00abdel amor\u00bb<br \/>\nDonde bailan los luceros<br \/>\nY la luna con el sol<\/p>\n<p>&nbsp;<\/p>\n","protected":false},"excerpt":{"rendered":"<p>T\u00edtulo T\u00edtulo: Abre la puerta Medidas 73 x 92 cm T\u00e9cnica \u00d3leo sobre lienzo. Basado en la canci\u00f3n hom\u00f3nima de Triana. \u00a0 Yo quise subir al cielo para ver Y bajar hasta el infierno para comprender Qu\u00e9 motivo es Que <span class=\"excerpt-dots\">&hellip;<\/span> <a class=\"more-link\" href=\"https:\/\/feguars.es\/?page_id=4077\"><span class=\"more-msg\">Sigue leyendo &rarr;<\/span><\/a><\/p>\n","protected":false},"author":1,"featured_media":4073,"parent":174,"menu_order":0,"comment_status":"closed","ping_status":"closed","template":"","meta":{"footnotes":""},"class_list":["post-4077","page","type-page","status-publish","has-post-thumbnail","hentry"],"_links":{"self":[{"href":"https:\/\/feguars.es\/index.php?rest_route=\/wp\/v2\/pages\/4077","targetHints":{"allow":["GET"]}}],"collection":[{"href":"https:\/\/feguars.es\/index.php?rest_route=\/wp\/v2\/pages"}],"about":[{"href":"https:\/\/feguars.es\/index.php?rest_route=\/wp\/v2\/types\/page"}],"author":[{"embeddable":true,"href":"https:\/\/feguars.es\/index.php?rest_route=\/wp\/v2\/users\/1"}],"replies":[{"embeddable":true,"href":"https:\/\/feguars.es\/index.php?rest_route=%2Fwp%2Fv2%2Fcomments&post=4077"}],"version-history":[{"count":2,"href":"https:\/\/feguars.es\/index.php?rest_route=\/wp\/v2\/pages\/4077\/revisions"}],"predecessor-version":[{"id":4079,"href":"https:\/\/feguars.es\/index.php?rest_route=\/wp\/v2\/pages\/4077\/revisions\/4079"}],"up":[{"embeddable":true,"href":"https:\/\/feguars.es\/index.php?rest_route=\/wp\/v2\/pages\/174"}],"wp:featuredmedia":[{"embeddable":true,"href":"https:\/\/feguars.es\/index.php?rest_route=\/wp\/v2\/media\/4073"}],"wp:attachment":[{"href":"https:\/\/feguars.es\/index.php?rest_route=%2Fwp%2Fv2%2Fmedia&parent=4077"}],"curies":[{"name":"wp","href":"https:\/\/api.w.org\/{rel}","templated":true}]}}