{"id":4080,"date":"2025-09-02T16:14:40","date_gmt":"2025-09-02T16:14:40","guid":{"rendered":"https:\/\/feguars.es\/?page_id=4080"},"modified":"2025-09-02T16:15:08","modified_gmt":"2025-09-02T16:15:08","slug":"bienvenidos","status":"publish","type":"page","link":"https:\/\/feguars.es\/?page_id=4080","title":{"rendered":"Bienvenidos"},"content":{"rendered":"<p><img loading=\"lazy\" decoding=\"async\" class=\"aligncenter wp-image-4072 size-large\" src=\"http:\/\/feguars.es\/wp-content\/uploads\/2025\/09\/Bienvenidos-60-x-73-Cm-1024x659.jpg\" alt=\"\" width=\"1024\" height=\"659\" srcset=\"https:\/\/feguars.es\/wp-content\/uploads\/2025\/09\/Bienvenidos-60-x-73-Cm-1024x659.jpg 1024w, https:\/\/feguars.es\/wp-content\/uploads\/2025\/09\/Bienvenidos-60-x-73-Cm-300x193.jpg 300w, https:\/\/feguars.es\/wp-content\/uploads\/2025\/09\/Bienvenidos-60-x-73-Cm-768x495.jpg 768w, https:\/\/feguars.es\/wp-content\/uploads\/2025\/09\/Bienvenidos-60-x-73-Cm.jpg 1500w\" sizes=\"auto, (max-width: 1024px) 100vw, 1024px\" \/><\/p>\n<p>&nbsp;<\/p>\n<table width=\"94%\">\n<tbody>\n<tr>\n<td width=\"24%\"><strong>T\u00edtulo<\/strong><\/td>\n<td>Bienvenidos<\/td>\n<\/tr>\n<tr>\n<td width=\"24%\"><strong>Medidas<\/strong><\/td>\n<td>60 x 92 cm<\/td>\n<\/tr>\n<tr>\n<td width=\"24%\"><strong>T\u00e9cnica<\/strong><\/td>\n<td>\u00d3leo sobre lienzo.<\/td>\n<\/tr>\n<tr>\n<td colspan=\"2\"><strong>Letra: Tato G\u00f3mez y M. R\u00edos<\/strong><\/td>\n<\/tr>\n<\/tbody>\n<\/table>\n<p>&nbsp;<\/p>\n<p style=\"text-align: center;\">Buenas noches, bienvenidos<br \/>\nHijos del rock and roll<br \/>\nOs saludan los aliados de la noche<\/p>\n<p style=\"text-align: center;\">Bienvenidos al concierto<br \/>\nGracias por estar aqu\u00ed<br \/>\nVuestro impulso nos har\u00e1 seres el\u00e9ctricos<\/p>\n<p style=\"text-align: center;\">Ay\u00fadanos a conectar<br \/>\nSolo por ti el rock existir\u00e1<br \/>\nAy\u00fadanos a conectar<br \/>\nSolo por ti el rock existir\u00e1<\/p>\n<p style=\"text-align: center;\">Necesitamos muchas manos<br \/>\nPero un solo coraz\u00f3n<br \/>\nPara poder intentar el exorcismo<\/p>\n<p style=\"text-align: center;\">Abrir vuestras mentes<br \/>\nLlenaros con un soplo de rock<br \/>\nQue desalojen los fantasmas cotidianos<\/p>\n<p style=\"text-align: center;\">Ay\u00fadanos a construir<br \/>\nHoy el Rock and Rios se hace para ti<br \/>\nAy\u00fadanos a construir<br \/>\nHoy el Bye Bye Rios se hace para ti<\/p>\n<p style=\"text-align: center;\">A los hijos de rock and roll<br \/>\nBienvenidos<br \/>\nBienvenidos<\/p>\n<p style=\"text-align: center;\">Que larga ha sido la marcha<br \/>\nCompa\u00f1eros de fatiga<br \/>\nDesde los tiempos de Price<br \/>\nMuchos a\u00f1os de camino<br \/>\nPara al fin poder gritar<\/p>\n<p style=\"text-align: center;\">A los hijos del rock and roll<br \/>\nBienvenidos<br \/>\nBienvenidos<\/p>\n<p style=\"text-align: center;\">Buenas noches, bienvenidos<br \/>\nHijos del rock and roll<br \/>\nOs saludan los aliados de la noche<\/p>\n<p style=\"text-align: center;\">Bienvenidos al concierto<br \/>\nGracias por estar aqu\u00ed<br \/>\nVuestro impulso nos har\u00e1 seres el\u00e9ctricos<\/p>\n<p style=\"text-align: center;\">Ay\u00fadanos a conectar<br \/>\nSolo por ti el rock existir\u00e1<br \/>\nAy\u00fadanos a construir<br \/>\nHoy el Rock and R\u00edos se hace para ti<\/p>\n<p style=\"text-align: center;\">A los hijos de rock and roll<br \/>\nBienvenidos<br \/>\nBienvenidos<br \/>\nBienvenidos<\/p>\n<p style=\"text-align: center;\">A los hijos del rock and roll<br \/>\nBienvenidos<\/p>\n<p style=\"text-align: center;\">\n","protected":false},"excerpt":{"rendered":"<p>&nbsp; T\u00edtulo Bienvenidos Medidas 60 x 92 cm T\u00e9cnica \u00d3leo sobre lienzo. Letra: Tato G\u00f3mez y M. R\u00edos &nbsp; Buenas noches, bienvenidos Hijos del rock and roll Os saludan los aliados de la noche Bienvenidos al concierto Gracias por estar <span class=\"excerpt-dots\">&hellip;<\/span> <a class=\"more-link\" href=\"https:\/\/feguars.es\/?page_id=4080\"><span class=\"more-msg\">Sigue leyendo &rarr;<\/span><\/a><\/p>\n","protected":false},"author":1,"featured_media":4072,"parent":174,"menu_order":0,"comment_status":"closed","ping_status":"closed","template":"","meta":{"footnotes":""},"class_list":["post-4080","page","type-page","status-publish","has-post-thumbnail","hentry"],"_links":{"self":[{"href":"https:\/\/feguars.es\/index.php?rest_route=\/wp\/v2\/pages\/4080","targetHints":{"allow":["GET"]}}],"collection":[{"href":"https:\/\/feguars.es\/index.php?rest_route=\/wp\/v2\/pages"}],"about":[{"href":"https:\/\/feguars.es\/index.php?rest_route=\/wp\/v2\/types\/page"}],"author":[{"embeddable":true,"href":"https:\/\/feguars.es\/index.php?rest_route=\/wp\/v2\/users\/1"}],"replies":[{"embeddable":true,"href":"https:\/\/feguars.es\/index.php?rest_route=%2Fwp%2Fv2%2Fcomments&post=4080"}],"version-history":[{"count":2,"href":"https:\/\/feguars.es\/index.php?rest_route=\/wp\/v2\/pages\/4080\/revisions"}],"predecessor-version":[{"id":4082,"href":"https:\/\/feguars.es\/index.php?rest_route=\/wp\/v2\/pages\/4080\/revisions\/4082"}],"up":[{"embeddable":true,"href":"https:\/\/feguars.es\/index.php?rest_route=\/wp\/v2\/pages\/174"}],"wp:featuredmedia":[{"embeddable":true,"href":"https:\/\/feguars.es\/index.php?rest_route=\/wp\/v2\/media\/4072"}],"wp:attachment":[{"href":"https:\/\/feguars.es\/index.php?rest_route=%2Fwp%2Fv2%2Fmedia&parent=4080"}],"curies":[{"name":"wp","href":"https:\/\/api.w.org\/{rel}","templated":true}]}}