{"id":4087,"date":"2025-09-02T16:52:44","date_gmt":"2025-09-02T16:52:44","guid":{"rendered":"https:\/\/feguars.es\/?page_id=4087"},"modified":"2025-09-02T16:52:44","modified_gmt":"2025-09-02T16:52:44","slug":"victor-juan-en-rolde","status":"publish","type":"page","link":"https:\/\/feguars.es\/?page_id=4087","title":{"rendered":"Victor Juan en ROLDE"},"content":{"rendered":"<p>&nbsp;<\/p>\n<p style=\"text-align: center;\">Joaqu\u00edn Ferrer Guallar<br \/>\nLa sinfon\u00eda inagotable de un mar de color<\/p>\n<p style=\"text-align: center;\">V\u00edctor Juan<\/p>\n<p>&nbsp;<\/p>\n<p>Joaqu\u00edn Ferrer Guallar, <em>Feguars<\/em>, (Caspe, 1953) inici\u00f3 su formaci\u00f3n en la Escuela Municipal de Arte de Caspe. Sus pinceles le han permitido recorrer gran parte del pa\u00eds. En su haber tiene m\u00e1s de cincuenta exposiciones individuales que ha inaugurado en lugares como Zaragoza, Madrid, C\u00e1diz, Barcelona, Le\u00f3n o M\u00e1laga, y tambi\u00e9n en ciudades de California, Jap\u00f3n, Portugal, Suecia o Italia&#8230; Atesora premios nacionales e internacionales. Los t\u00edtulos de sus cuadros son las canciones de Labordeta, de Carbonell, de Serrat, de Aute: <em>Palabras para Julia, Al Alba, Canto a la libertad, Me gustar\u00eda darte el Mar, Mediterr\u00e1neo, Aquellas peque\u00f1as cosas<\/em>\u2026 Para muchos de nosotros, Joaqu\u00edn pinta la banda sonora de nuestras vidas y lo hace en un pentagrama, en clave de sol y en tono mayor, que es el tono de la alegr\u00eda.<\/p>\n<p>En su infancia, que es tambi\u00e9n la m\u00eda, nuestra mirada se perd\u00eda en los montes pardos, los cabezos y los secanos. La vida era siempre en blanco y negro como el NODO de los cines Lucero y Goya de Caspe. Pero Joaqu\u00edn ha sabido mirar y ha encontrado el secreto del color. Y de esta tierra hermosa, dura y salvaje que cant\u00f3 nuestro querido y a\u00f1orado Labordeta, Joaqu\u00edn ha hecho \u2014con sus pinceles de colores c\u00e1lidos y alegres\u2014 un paisaje.<\/p>\n<p>En su infancia, que es tambi\u00e9n la m\u00eda, hab\u00eda silencio. Nos envolv\u00eda permanentemente. No ten\u00edamos televisores. Hab\u00eda pocos aparatos de radio. Y nos entreten\u00edamos con los sonidos cotidianos: los cascos de las caballer\u00edas sobre las piedras, las canciones de las mujeres mientras hac\u00edan las tareas de la casa, el ruido del alteo de las palomas, las conversaciones de la gente en las calles, el canto de los grillos y las chicharras cuando cantaban\u2026 El silencio rotundo de la hora de la siesta. Tambi\u00e9n hab\u00eda silencios de lo que no se pod\u00eda de nombrar, de lo que no se pod\u00eda preguntar, de lo que no se pod\u00eda contar. Por eso me llena de felicidad la obra de <em>Feguars<\/em>, una obra en la que hay luz, colores y m\u00fasica. Las composiciones de Joaqu\u00edn nos susurran canciones, nos acunan. Sus cuadros esconden poemas. Por encima de los cuadros, de las exposiciones, de los cat\u00e1logos y de los premios, Joaqu\u00edn ha atesorado amigos.<\/p>\n<p>Joaqu\u00edn pinta mientras trabaja en el huerto, pinta mientras camina, pinta mientras conversa con las personas que quiere querer y tambi\u00e9n pinta frente al lienzo, con los pinceles en las manos. Joaqu\u00edn ha encontrado lo que busca cualquier fil\u00f3sofo: una manera propia de mirar la realidad. Sus cuadros son minuciosos, hechos con precisi\u00f3n de cirujano cardiovascular. A m\u00ed me gustar\u00eda escribir como pinta Joaqu\u00edn.<\/p>\n","protected":false},"excerpt":{"rendered":"<p>&nbsp; Joaqu\u00edn Ferrer Guallar La sinfon\u00eda inagotable de un mar de color V\u00edctor Juan &nbsp; Joaqu\u00edn Ferrer Guallar, Feguars, (Caspe, 1953) inici\u00f3 su formaci\u00f3n en la Escuela Municipal de Arte de Caspe. Sus pinceles le han permitido recorrer gran parte <span class=\"excerpt-dots\">&hellip;<\/span> <a class=\"more-link\" href=\"https:\/\/feguars.es\/?page_id=4087\"><span class=\"more-msg\">Sigue leyendo &rarr;<\/span><\/a><\/p>\n","protected":false},"author":1,"featured_media":0,"parent":100,"menu_order":0,"comment_status":"closed","ping_status":"closed","template":"","meta":{"footnotes":""},"class_list":["post-4087","page","type-page","status-publish","hentry"],"_links":{"self":[{"href":"https:\/\/feguars.es\/index.php?rest_route=\/wp\/v2\/pages\/4087","targetHints":{"allow":["GET"]}}],"collection":[{"href":"https:\/\/feguars.es\/index.php?rest_route=\/wp\/v2\/pages"}],"about":[{"href":"https:\/\/feguars.es\/index.php?rest_route=\/wp\/v2\/types\/page"}],"author":[{"embeddable":true,"href":"https:\/\/feguars.es\/index.php?rest_route=\/wp\/v2\/users\/1"}],"replies":[{"embeddable":true,"href":"https:\/\/feguars.es\/index.php?rest_route=%2Fwp%2Fv2%2Fcomments&post=4087"}],"version-history":[{"count":1,"href":"https:\/\/feguars.es\/index.php?rest_route=\/wp\/v2\/pages\/4087\/revisions"}],"predecessor-version":[{"id":4088,"href":"https:\/\/feguars.es\/index.php?rest_route=\/wp\/v2\/pages\/4087\/revisions\/4088"}],"up":[{"embeddable":true,"href":"https:\/\/feguars.es\/index.php?rest_route=\/wp\/v2\/pages\/100"}],"wp:attachment":[{"href":"https:\/\/feguars.es\/index.php?rest_route=%2Fwp%2Fv2%2Fmedia&parent=4087"}],"curies":[{"name":"wp","href":"https:\/\/api.w.org\/{rel}","templated":true}]}}