{"id":4093,"date":"2025-09-02T16:58:21","date_gmt":"2025-09-02T16:58:21","guid":{"rendered":"https:\/\/feguars.es\/?page_id=4093"},"modified":"2025-09-02T16:58:21","modified_gmt":"2025-09-02T16:58:21","slug":"jose-luis-melero","status":"publish","type":"page","link":"https:\/\/feguars.es\/?page_id=4093","title":{"rendered":"Jos\u00e9 Luis Melero"},"content":{"rendered":"<p style=\"text-align: center;\" data-start=\"71\" data-end=\"115\"><strong data-start=\"71\" data-end=\"113\">EL LIRISMO NARRATIVO DE FERRER GUALLAR<\/strong><\/p>\n<p data-start=\"117\" data-end=\"591\">Desde el primer d\u00eda que vi los cuadros de Joaqu\u00edn Ferrer Guallar, hace ya unos cuantos a\u00f1os, qued\u00e9 fascinado por el color y la luz que los envolv\u00edan, por la atm\u00f3sfera tan sorprendente y m\u00e1gica que se desplegaba ante ellos. Transmit\u00edan una musicalidad muy especial, esa que proviene de lo sensorial y no de lo racional. No estaba seguro de aprehender intelectualmente el discurso de su pintura, pero era in\u00fatil resistirse a la conmoci\u00f3n visual que esos cuadros te causaban.<\/p>\n<p data-start=\"593\" data-end=\"971\">All\u00ed se respiraba una tradici\u00f3n pict\u00f3rica antigua e innegable, y uno cre\u00eda reconocer en esos cuadros el ingenuismo de Mir\u00f3, algunas de las geometr\u00edas imposibles de Vasarely, la gracilidad y liviandad de Klee, el surrealismo de Dal\u00ed\u2026 Pero esa tradici\u00f3n hab\u00eda sido interiorizada, remozada y deconstruida, y el resultado era una abstracci\u00f3n geom\u00e9trica tan luminosa como eleg\u00edaca.<\/p>\n<p data-start=\"973\" data-end=\"1522\">Porque la pintura de Joaqu\u00edn Ferrer Guallar, rebosante de peque\u00f1os relatos narrativos que, unidos entre s\u00ed, crean un fantasmag\u00f3rico frontispicio que nos lleva a lugares insospechados, es una eleg\u00eda a las m\u00fasicas de sus compositores m\u00e1s queridos y admirados, a los sonidos y ritmos que han marcado su vida y que de alguna manera est\u00e1n presentes en toda su obra. Y es tambi\u00e9n un canto al color, que tanto la caracteriza y singulariza, pues nadie podr\u00eda imaginar ya la pintura de Ferrer sin esos acordes crom\u00e1ticos que la hacen \u00fanica y personal\u00edsima.<\/p>\n<p data-start=\"1524\" data-end=\"2266\">Hemos dicho \u201cabstracci\u00f3n geom\u00e9trica\u201d, pero en puridad no deber\u00edamos hablar de abstracci\u00f3n. Cada uno de sus cuadros nos cuenta una historia real (esos \u201crelatos narrativos\u201d a los que nos refer\u00edamos) y muchas veces, como por ejemplo ocurre en la serie de <em data-start=\"1776\" data-end=\"1790\">Mediterr\u00e1neo<\/em>, en <em data-start=\"1795\" data-end=\"1802\">Somos<\/em> o en <em data-start=\"1808\" data-end=\"1821\">Bienvenidos<\/em>, el discurso es perfectamente reconocible. El lirismo de Ferrer Guallar, evidente e incontestable, es pues un lirismo narrativo, versos en prosa pict\u00f3rica empe\u00f1ados en contarnos las historias de las diferentes melod\u00edas elegidas. Y lo hacen con un tono l\u00fadico y amable, casi lindante con lo na\u00edf, de modo que uno ve los cuadros de Ferrer con gozo y complacencia, con la certeza de estar frente a un pintor de verdad, sin trampas ni imposturas.<\/p>\n<p data-start=\"2268\" data-end=\"2351\"><strong data-start=\"2268\" data-end=\"2288\">Jos\u00e9 Luis Melero<\/strong><br data-start=\"2288\" data-end=\"2291\" \/><em data-start=\"2291\" data-end=\"2349\">De la Real Academia de Nobles y Bellas Artes de San Luis<\/em><\/p>\n","protected":false},"excerpt":{"rendered":"<p>EL LIRISMO NARRATIVO DE FERRER GUALLAR Desde el primer d\u00eda que vi los cuadros de Joaqu\u00edn Ferrer Guallar, hace ya unos cuantos a\u00f1os, qued\u00e9 fascinado por el color y la luz que los envolv\u00edan, por la atm\u00f3sfera tan sorprendente y <span class=\"excerpt-dots\">&hellip;<\/span> <a class=\"more-link\" href=\"https:\/\/feguars.es\/?page_id=4093\"><span class=\"more-msg\">Sigue leyendo &rarr;<\/span><\/a><\/p>\n","protected":false},"author":1,"featured_media":0,"parent":100,"menu_order":0,"comment_status":"closed","ping_status":"closed","template":"","meta":{"footnotes":""},"class_list":["post-4093","page","type-page","status-publish","hentry"],"_links":{"self":[{"href":"https:\/\/feguars.es\/index.php?rest_route=\/wp\/v2\/pages\/4093","targetHints":{"allow":["GET"]}}],"collection":[{"href":"https:\/\/feguars.es\/index.php?rest_route=\/wp\/v2\/pages"}],"about":[{"href":"https:\/\/feguars.es\/index.php?rest_route=\/wp\/v2\/types\/page"}],"author":[{"embeddable":true,"href":"https:\/\/feguars.es\/index.php?rest_route=\/wp\/v2\/users\/1"}],"replies":[{"embeddable":true,"href":"https:\/\/feguars.es\/index.php?rest_route=%2Fwp%2Fv2%2Fcomments&post=4093"}],"version-history":[{"count":1,"href":"https:\/\/feguars.es\/index.php?rest_route=\/wp\/v2\/pages\/4093\/revisions"}],"predecessor-version":[{"id":4094,"href":"https:\/\/feguars.es\/index.php?rest_route=\/wp\/v2\/pages\/4093\/revisions\/4094"}],"up":[{"embeddable":true,"href":"https:\/\/feguars.es\/index.php?rest_route=\/wp\/v2\/pages\/100"}],"wp:attachment":[{"href":"https:\/\/feguars.es\/index.php?rest_route=%2Fwp%2Fv2%2Fmedia&parent=4093"}],"curies":[{"name":"wp","href":"https:\/\/api.w.org\/{rel}","templated":true}]}}