{"id":4106,"date":"2025-09-04T16:28:30","date_gmt":"2025-09-04T16:28:30","guid":{"rendered":"https:\/\/feguars.es\/?page_id=4106"},"modified":"2025-09-05T17:20:13","modified_gmt":"2025-09-05T17:20:13","slug":"solo-le-pido-a-dios","status":"publish","type":"page","link":"https:\/\/feguars.es\/?page_id=4106","title":{"rendered":"Solo le pido a Dios"},"content":{"rendered":"<p><a href=\"http:\/\/feguars.es\/wp-content\/uploads\/2025\/09\/Solo-le-pido-a-Dios-60-x-81-Cm.jpg\" data-gallery><img loading=\"lazy\" decoding=\"async\" class=\"aligncenter wp-image-4104 size-large\" src=\"http:\/\/feguars.es\/wp-content\/uploads\/2025\/09\/Solo-le-pido-a-Dios-60-x-81-Cm-1024x750.jpg\" alt=\"\" width=\"1024\" height=\"750\" srcset=\"https:\/\/feguars.es\/wp-content\/uploads\/2025\/09\/Solo-le-pido-a-Dios-60-x-81-Cm-1024x750.jpg 1024w, https:\/\/feguars.es\/wp-content\/uploads\/2025\/09\/Solo-le-pido-a-Dios-60-x-81-Cm-300x220.jpg 300w, https:\/\/feguars.es\/wp-content\/uploads\/2025\/09\/Solo-le-pido-a-Dios-60-x-81-Cm-768x562.jpg 768w, https:\/\/feguars.es\/wp-content\/uploads\/2025\/09\/Solo-le-pido-a-Dios-60-x-81-Cm.jpg 1490w\" sizes=\"auto, (max-width: 1024px) 100vw, 1024px\" \/><\/a><\/p>\n<p>&nbsp;<\/p>\n<table width=\"94%\">\n<tbody>\n<tr>\n<td width=\"24%\"><strong>T\u00edtulo<\/strong><\/td>\n<td>Solo le pido a Dios<\/td>\n<\/tr>\n<tr>\n<td width=\"24%\"><strong>Medidas<\/strong><\/td>\n<td>60 x 81 cm<\/td>\n<\/tr>\n<tr>\n<td width=\"24%\"><strong>T\u00e9cnica<\/strong><\/td>\n<td>\u00d3leo sobre lienzo.<\/td>\n<\/tr>\n<tr>\n<td colspan=\"2\"><strong>Basado en la canci\u00f3n hom\u00f3nima de Le\u00f3n Gieco<\/strong>.<\/td>\n<\/tr>\n<\/tbody>\n<\/table>\n<p>&nbsp;<\/p>\n<p>Solo le pido a Dios<br \/>\nQue el dolor no me sea indiferente<br \/>\nQue la reseca muerte no me encuentre<br \/>\nVac\u00edo y solo sin haber hecho lo suficiente<\/p>\n<p>Solo le pido a Dios<br \/>\nQue lo injusto no me sea indiferente<br \/>\nQue no me abofeteen la otra mejilla<br \/>\nDespu\u00e9s que una garra me ara\u00f1\u00f3 esta suerte<\/p>\n<p>Solo le pido a Dios<br \/>\nQue la guerra no me sea indiferente<br \/>\nEs un monstruo grande y pisa fuerte<br \/>\nToda la pobre inocencia de la gente<br \/>\nEs un monstruo grande y pisa fuerte<br \/>\nToda la pobre inocencia de la gente<\/p>\n<p>Solo le pido a Dios<br \/>\nQue el enga\u00f1o no me sea indiferente<br \/>\nSi un traidor puede m\u00e1s que unos cuantos<br \/>\nQue esos cuantos no lo olviden f\u00e1cilmente<\/p>\n<p>Solo le pido a Dios<br \/>\nQue el futuro no me sea indiferente<br \/>\nDesahuciado est\u00e1 el que tiene que marchar<br \/>\nA vivir una cultura diferente<\/p>\n<p>Solo le pido a Dios<br \/>\nQue la guerra no me sea indiferente<br \/>\nEs un monstruo grande y pisa fuerte<br \/>\nToda la pobre inocencia de la gente<br \/>\nEs un monstruo grande y pisa fuerte<br \/>\nToda la pobre inocencia de la gente<\/p>\n<p>&nbsp;<\/p>\n<p>&nbsp;<\/p>\n","protected":false},"excerpt":{"rendered":"<p>&nbsp; T\u00edtulo Solo le pido a Dios Medidas 60 x 81 cm T\u00e9cnica \u00d3leo sobre lienzo. Basado en la canci\u00f3n hom\u00f3nima de Le\u00f3n Gieco. &nbsp; Solo le pido a Dios Que el dolor no me sea indiferente Que la reseca <span class=\"excerpt-dots\">&hellip;<\/span> <a class=\"more-link\" href=\"https:\/\/feguars.es\/?page_id=4106\"><span class=\"more-msg\">Sigue leyendo &rarr;<\/span><\/a><\/p>\n","protected":false},"author":1,"featured_media":4104,"parent":174,"menu_order":0,"comment_status":"closed","ping_status":"closed","template":"","meta":{"footnotes":""},"class_list":["post-4106","page","type-page","status-publish","has-post-thumbnail","hentry"],"_links":{"self":[{"href":"https:\/\/feguars.es\/index.php?rest_route=\/wp\/v2\/pages\/4106","targetHints":{"allow":["GET"]}}],"collection":[{"href":"https:\/\/feguars.es\/index.php?rest_route=\/wp\/v2\/pages"}],"about":[{"href":"https:\/\/feguars.es\/index.php?rest_route=\/wp\/v2\/types\/page"}],"author":[{"embeddable":true,"href":"https:\/\/feguars.es\/index.php?rest_route=\/wp\/v2\/users\/1"}],"replies":[{"embeddable":true,"href":"https:\/\/feguars.es\/index.php?rest_route=%2Fwp%2Fv2%2Fcomments&post=4106"}],"version-history":[{"count":3,"href":"https:\/\/feguars.es\/index.php?rest_route=\/wp\/v2\/pages\/4106\/revisions"}],"predecessor-version":[{"id":4146,"href":"https:\/\/feguars.es\/index.php?rest_route=\/wp\/v2\/pages\/4106\/revisions\/4146"}],"up":[{"embeddable":true,"href":"https:\/\/feguars.es\/index.php?rest_route=\/wp\/v2\/pages\/174"}],"wp:featuredmedia":[{"embeddable":true,"href":"https:\/\/feguars.es\/index.php?rest_route=\/wp\/v2\/media\/4104"}],"wp:attachment":[{"href":"https:\/\/feguars.es\/index.php?rest_route=%2Fwp%2Fv2%2Fmedia&parent=4106"}],"curies":[{"name":"wp","href":"https:\/\/api.w.org\/{rel}","templated":true}]}}