{"id":4109,"date":"2025-09-04T16:34:53","date_gmt":"2025-09-04T16:34:53","guid":{"rendered":"https:\/\/feguars.es\/?page_id=4109"},"modified":"2025-09-04T16:34:53","modified_gmt":"2025-09-04T16:34:53","slug":"something","status":"publish","type":"page","link":"https:\/\/feguars.es\/?page_id=4109","title":{"rendered":"SOMETHING"},"content":{"rendered":"<p><a href=\"http:\/\/feguars.es\/wp-content\/uploads\/2025\/09\/Something-73-x-92-Cm.jpg\" data-gallery><img loading=\"lazy\" decoding=\"async\" class=\"aligncenter wp-image-4105 size-large\" src=\"http:\/\/feguars.es\/wp-content\/uploads\/2025\/09\/Something-73-x-92-Cm-1024x801.jpg\" alt=\"\" width=\"1024\" height=\"801\" srcset=\"https:\/\/feguars.es\/wp-content\/uploads\/2025\/09\/Something-73-x-92-Cm-1024x801.jpg 1024w, https:\/\/feguars.es\/wp-content\/uploads\/2025\/09\/Something-73-x-92-Cm-300x235.jpg 300w, https:\/\/feguars.es\/wp-content\/uploads\/2025\/09\/Something-73-x-92-Cm-768x601.jpg 768w, https:\/\/feguars.es\/wp-content\/uploads\/2025\/09\/Something-73-x-92-Cm.jpg 1500w\" sizes=\"auto, (max-width: 1024px) 100vw, 1024px\" \/><\/a><\/p>\n<p>&nbsp;<\/p>\n<p>&nbsp;<\/p>\n<table width=\"94%\">\n<tbody>\n<tr>\n<td width=\"24%\"><strong>T\u00edtulo<\/strong><\/td>\n<td><strong>SOMETHING<\/strong><\/td>\n<\/tr>\n<tr>\n<td width=\"24%\"><strong>Medidas<\/strong><\/td>\n<td>73 x 92 cm<\/td>\n<\/tr>\n<tr>\n<td width=\"24%\"><strong>T\u00e9cnica<\/strong><\/td>\n<td>\u00d3leo sobre lienzo.<\/td>\n<\/tr>\n<tr>\n<td colspan=\"2\"><strong>Basado en la canci\u00f3n de George Harrison e interpretada por The Beatles.<\/strong><\/td>\n<\/tr>\n<\/tbody>\n<\/table>\n<p>&nbsp;<\/p>\n<p>What could it be, Paul?<br \/>\n\u00abThere&#8217;s something In the way she moves\u00bb<br \/>\nI start think of what attracted me that&#8217;s all<\/p>\n<p>Just say whatever comes into your head each time<br \/>\n\u00abAttracts me like a cauliflower\u00bb, until you get the word<br \/>\nYeah, but I&#8217;ve been through this one like for about six months<br \/>\nYou haven&#8217;t had 15 people joining in, though, no<\/p>\n<p>I mean, just that line, I couldn&#8217;t think anything like a<br \/>\n\u00abAttracts me like a pomegranate\u00bb<br \/>\n(Something in the way) we could have that, attracts me like a pomegranate<\/p>\n<p>Something in the way she moves<br \/>\nAttracts me like a pomegranate<br \/>\nI think it&#8217;s not good (cauliflower!)<br \/>\nSomething in the way she woos me<\/p>\n<p>I don&#8217;t want to leave her now<br \/>\nYou know I believe and how<\/p>\n<p>You know it&#8217;s that one mic<br \/>\n&#8216;Cause if you try and make sense of it, every time<br \/>\nAnd every line, then you&#8217;ve got to stop every time<br \/>\nWe&#8217;d just go on and go on, and then go back over it, yeah<br \/>\nYou&#8217;re done, even the line here<\/p>\n<p>&nbsp;<\/p>\n<p>&nbsp;<\/p>\n","protected":false},"excerpt":{"rendered":"<p>&nbsp; &nbsp; T\u00edtulo SOMETHING Medidas 73 x 92 cm T\u00e9cnica \u00d3leo sobre lienzo. Basado en la canci\u00f3n de George Harrison e interpretada por The Beatles. &nbsp; What could it be, Paul? \u00abThere&#8217;s something In the way she moves\u00bb I start <span class=\"excerpt-dots\">&hellip;<\/span> <a class=\"more-link\" href=\"https:\/\/feguars.es\/?page_id=4109\"><span class=\"more-msg\">Sigue leyendo &rarr;<\/span><\/a><\/p>\n","protected":false},"author":1,"featured_media":4105,"parent":174,"menu_order":0,"comment_status":"closed","ping_status":"closed","template":"","meta":{"footnotes":""},"class_list":["post-4109","page","type-page","status-publish","has-post-thumbnail","hentry"],"_links":{"self":[{"href":"https:\/\/feguars.es\/index.php?rest_route=\/wp\/v2\/pages\/4109","targetHints":{"allow":["GET"]}}],"collection":[{"href":"https:\/\/feguars.es\/index.php?rest_route=\/wp\/v2\/pages"}],"about":[{"href":"https:\/\/feguars.es\/index.php?rest_route=\/wp\/v2\/types\/page"}],"author":[{"embeddable":true,"href":"https:\/\/feguars.es\/index.php?rest_route=\/wp\/v2\/users\/1"}],"replies":[{"embeddable":true,"href":"https:\/\/feguars.es\/index.php?rest_route=%2Fwp%2Fv2%2Fcomments&post=4109"}],"version-history":[{"count":1,"href":"https:\/\/feguars.es\/index.php?rest_route=\/wp\/v2\/pages\/4109\/revisions"}],"predecessor-version":[{"id":4110,"href":"https:\/\/feguars.es\/index.php?rest_route=\/wp\/v2\/pages\/4109\/revisions\/4110"}],"up":[{"embeddable":true,"href":"https:\/\/feguars.es\/index.php?rest_route=\/wp\/v2\/pages\/174"}],"wp:featuredmedia":[{"embeddable":true,"href":"https:\/\/feguars.es\/index.php?rest_route=\/wp\/v2\/media\/4105"}],"wp:attachment":[{"href":"https:\/\/feguars.es\/index.php?rest_route=%2Fwp%2Fv2%2Fmedia&parent=4109"}],"curies":[{"name":"wp","href":"https:\/\/api.w.org\/{rel}","templated":true}]}}