{"id":4111,"date":"2025-09-04T16:36:45","date_gmt":"2025-09-04T16:36:45","guid":{"rendered":"https:\/\/feguars.es\/?page_id=4111"},"modified":"2025-09-05T17:20:35","modified_gmt":"2025-09-05T17:20:35","slug":"te-recuerdo-amanda","status":"publish","type":"page","link":"https:\/\/feguars.es\/?page_id=4111","title":{"rendered":"Te recuerdo Amanda"},"content":{"rendered":"<p><a href=\"http:\/\/feguars.es\/wp-content\/uploads\/2025\/09\/Te-recuedo-Amanda.-89-x-130-Cm.jpg\" data-gallery><img loading=\"lazy\" decoding=\"async\" class=\"aligncenter wp-image-4103 size-large\" src=\"http:\/\/feguars.es\/wp-content\/uploads\/2025\/09\/Te-recuedo-Amanda.-89-x-130-Cm-1024x693.jpg\" alt=\"\" width=\"1024\" height=\"693\" srcset=\"https:\/\/feguars.es\/wp-content\/uploads\/2025\/09\/Te-recuedo-Amanda.-89-x-130-Cm-1024x693.jpg 1024w, https:\/\/feguars.es\/wp-content\/uploads\/2025\/09\/Te-recuedo-Amanda.-89-x-130-Cm-300x203.jpg 300w, https:\/\/feguars.es\/wp-content\/uploads\/2025\/09\/Te-recuedo-Amanda.-89-x-130-Cm-768x520.jpg 768w, https:\/\/feguars.es\/wp-content\/uploads\/2025\/09\/Te-recuedo-Amanda.-89-x-130-Cm.jpg 1490w\" sizes=\"auto, (max-width: 1024px) 100vw, 1024px\" \/><\/a><\/p>\n<p>&nbsp;<\/p>\n<table width=\"94%\">\n<tbody>\n<tr>\n<td width=\"24%\"><strong>T\u00edtulo<\/strong><\/td>\n<td><strong>Te recuerdo Amanda<\/strong><\/td>\n<\/tr>\n<tr>\n<td width=\"24%\"><strong>Medidas<\/strong><\/td>\n<td>89 x 130 cm<\/td>\n<\/tr>\n<tr>\n<td width=\"24%\"><strong>T\u00e9cnica<\/strong><\/td>\n<td>\u00d3leo sobre lienzo.<\/td>\n<\/tr>\n<tr>\n<td colspan=\"2\"><strong>Basado en la canci\u00f3n del mismo t\u00edtulo de V\u00edctor Jara<\/strong><\/td>\n<\/tr>\n<\/tbody>\n<\/table>\n<p>&nbsp;<\/p>\n<p>Te recuerdo Amanda<br \/>\nLa calle mojada<br \/>\nCorriendo a la f\u00e1brica<br \/>\nDonde trabajaba Manuel<\/p>\n<p>La sonrisa ancha<br \/>\nLa lluvia en el pelo<br \/>\nNo importaba nada<br \/>\nIbas a encontarte con \u00e9l<\/p>\n<p>Con \u00e9l, con \u00e9l, con \u00e9l, con \u00e9l<br \/>\nSon cinco minutos<br \/>\nLa vida es eterna en cinco minutos<br \/>\nSuena la sirena, de vuelta al trabajo<\/p>\n<p>Y tu caminando<br \/>\nLo iluminas todo<br \/>\nLos cinco minutos<br \/>\nTe hacen florecer<\/p>\n<p>Te recuerdo Amanda<br \/>\nLa calle mojada<br \/>\nCorriendo a la f\u00e1brica<br \/>\nDonde trabajaba Manuel<\/p>\n<p>La sonrisa ancha<br \/>\nLa lluvia en el pelo<br \/>\nNo importaba nada<br \/>\nIbas a encontrarte con \u00e9l<\/p>\n<p>Con \u00e9l, con \u00e9l, con \u00e9l, con \u00e9l<br \/>\nQue parti\u00f3 a la sierra<br \/>\nQue nunca hizo da\u00f1o<br \/>\nQue parti\u00f3 a la sierra<\/p>\n<p>Y en cinco minutos<br \/>\nQued\u00f3 destrozado<br \/>\nSuena la sirena, de vuelta al trabajo<br \/>\nMuchos no volvieron, tampoco Manuel<\/p>\n<p>Te recuerdo, Amanda<br \/>\nLa calle mojada<br \/>\nCorriendo a la f\u00e1brica<br \/>\nDonde trabajaba Manuel<\/p>\n<p>&nbsp;<\/p>\n<p>&nbsp;<\/p>\n","protected":false},"excerpt":{"rendered":"<p>&nbsp; T\u00edtulo Te recuerdo Amanda Medidas 89 x 130 cm T\u00e9cnica \u00d3leo sobre lienzo. Basado en la canci\u00f3n del mismo t\u00edtulo de V\u00edctor Jara &nbsp; Te recuerdo Amanda La calle mojada Corriendo a la f\u00e1brica Donde trabajaba Manuel La sonrisa <span class=\"excerpt-dots\">&hellip;<\/span> <a class=\"more-link\" href=\"https:\/\/feguars.es\/?page_id=4111\"><span class=\"more-msg\">Sigue leyendo &rarr;<\/span><\/a><\/p>\n","protected":false},"author":1,"featured_media":4103,"parent":174,"menu_order":0,"comment_status":"closed","ping_status":"closed","template":"","meta":{"footnotes":""},"class_list":["post-4111","page","type-page","status-publish","has-post-thumbnail","hentry"],"_links":{"self":[{"href":"https:\/\/feguars.es\/index.php?rest_route=\/wp\/v2\/pages\/4111","targetHints":{"allow":["GET"]}}],"collection":[{"href":"https:\/\/feguars.es\/index.php?rest_route=\/wp\/v2\/pages"}],"about":[{"href":"https:\/\/feguars.es\/index.php?rest_route=\/wp\/v2\/types\/page"}],"author":[{"embeddable":true,"href":"https:\/\/feguars.es\/index.php?rest_route=\/wp\/v2\/users\/1"}],"replies":[{"embeddable":true,"href":"https:\/\/feguars.es\/index.php?rest_route=%2Fwp%2Fv2%2Fcomments&post=4111"}],"version-history":[{"count":2,"href":"https:\/\/feguars.es\/index.php?rest_route=\/wp\/v2\/pages\/4111\/revisions"}],"predecessor-version":[{"id":4147,"href":"https:\/\/feguars.es\/index.php?rest_route=\/wp\/v2\/pages\/4111\/revisions\/4147"}],"up":[{"embeddable":true,"href":"https:\/\/feguars.es\/index.php?rest_route=\/wp\/v2\/pages\/174"}],"wp:featuredmedia":[{"embeddable":true,"href":"https:\/\/feguars.es\/index.php?rest_route=\/wp\/v2\/media\/4103"}],"wp:attachment":[{"href":"https:\/\/feguars.es\/index.php?rest_route=%2Fwp%2Fv2%2Fmedia&parent=4111"}],"curies":[{"name":"wp","href":"https:\/\/api.w.org\/{rel}","templated":true}]}}