{"id":4119,"date":"2025-09-04T16:44:35","date_gmt":"2025-09-04T16:44:35","guid":{"rendered":"https:\/\/feguars.es\/?page_id=4119"},"modified":"2025-09-04T16:44:35","modified_gmt":"2025-09-04T16:44:35","slug":"nanas-de-la-cebolla","status":"publish","type":"page","link":"https:\/\/feguars.es\/?page_id=4119","title":{"rendered":"Nanas de la cebolla"},"content":{"rendered":"<p><a href=\"http:\/\/feguars.es\/wp-content\/uploads\/2025\/09\/Nanas-de-la-Cebolla-73-x-92-Cm.jpg\" data-gallery><img loading=\"lazy\" decoding=\"async\" class=\"aligncenter wp-image-4115 size-large\" src=\"http:\/\/feguars.es\/wp-content\/uploads\/2025\/09\/Nanas-de-la-Cebolla-73-x-92-Cm-1024x810.jpg\" alt=\"\" width=\"1024\" height=\"810\" srcset=\"https:\/\/feguars.es\/wp-content\/uploads\/2025\/09\/Nanas-de-la-Cebolla-73-x-92-Cm-1024x810.jpg 1024w, https:\/\/feguars.es\/wp-content\/uploads\/2025\/09\/Nanas-de-la-Cebolla-73-x-92-Cm-300x237.jpg 300w, https:\/\/feguars.es\/wp-content\/uploads\/2025\/09\/Nanas-de-la-Cebolla-73-x-92-Cm-768x607.jpg 768w, https:\/\/feguars.es\/wp-content\/uploads\/2025\/09\/Nanas-de-la-Cebolla-73-x-92-Cm.jpg 1100w\" sizes=\"auto, (max-width: 1024px) 100vw, 1024px\" \/><\/a><\/p>\n<p>&nbsp;<\/p>\n<table width=\"94%\">\n<tbody>\n<tr>\n<td width=\"24%\"><strong>T\u00edtulo<\/strong><\/td>\n<td>Nanas de la cebolla<\/td>\n<\/tr>\n<tr>\n<td width=\"24%\"><strong>Medidas<\/strong><\/td>\n<td>73 x 92 cm<\/td>\n<\/tr>\n<tr>\n<td width=\"24%\"><strong>T\u00e9cnica<\/strong><\/td>\n<td>\u00d3leo sobre lienzo.<\/td>\n<\/tr>\n<tr>\n<td colspan=\"2\"><strong>Letra: Miguel Hern\u00e1ndez. M\u00fasica: Alberto Cortez.\u00a0 Interpretada por J.M.Serrat.<\/strong><\/td>\n<\/tr>\n<\/tbody>\n<\/table>\n<p>La cebolla es escarcha<br \/>\ncerrada y pobre.<br \/>\nEscarcha de tus d\u00edas<br \/>\ny de mis noches.<br \/>\nHambre y cebolla,<br \/>\nhielo negro y escarcha<br \/>\ngrande y redonda.<br \/>\nEn la cuna del hambre<br \/>\nmi ni\u00f1o estaba.<br \/>\nCon sangre de cebolla<br \/>\nse amamantaba.<br \/>\nPero tu sangre,<br \/>\nescarchada de az\u00facar<br \/>\ncebolla y hambre.<br \/>\nUna mujer morena<br \/>\nresuelta en luna<br \/>\nse derrama hilo a hilo<br \/>\nsobre la cuna.<br \/>\nR\u00edete ni\u00f1o<br \/>\nque te traigo la luna<br \/>\ncuando es preciso.<br \/>\nEs tu risa la espada<br \/>\nm\u00e1s victoriosa,<br \/>\nvencedor de las flores<br \/>\ny las alondras.<br \/>\nRival del sol.<br \/>\nPorvenir de mis huesos<br \/>\ny de mi amor.<br \/>\nDespert\u00e9 de ser ni\u00f1o:<br \/>\nnunca despiertes.<br \/>\nTriste llevo la boca:<br \/>\nr\u00edete siempre.<br \/>\nSiempre en la cuna<br \/>\ndefendiendo la risa<br \/>\npluma por pluma.<br \/>\nTu risa me hace libre,<br \/>\nme pone alas.<br \/>\nSoledades me quita,<br \/>\nc\u00e1rcel me arranca.<br \/>\nBoca que vuela,<br \/>\ncoraz\u00f3n que en tus labios<br \/>\nrelampaguea.<br \/>\nAl octavo mes r\u00edes<br \/>\ncon cinco azahares.<br \/>\nCon cinco diminutas<br \/>\nferocidades.<br \/>\nCon cinco dientes<br \/>\ncomo cinco jazmines<br \/>\nadolescentes.<br \/>\nFrontera de los besos<br \/>\nser\u00e1n ma\u00f1ana,<br \/>\ncuando en la dentadura<br \/>\nsientas un arma.<br \/>\nSientas un fuego<br \/>\ncorrer dientes abajo<br \/>\nbuscando el centro.<br \/>\nVuela ni\u00f1o el la doble<br \/>\nluna del pecho:<br \/>\n\u00e9l, triste de cebolla,<br \/>\nt\u00fa satisfecho.<br \/>\nNo te derrumbes.<br \/>\nNo sepas lo que pasa<br \/>\nni lo que ocurre.<\/p>\n<p>&nbsp;<\/p>\n<p>&nbsp;<\/p>\n","protected":false},"excerpt":{"rendered":"<p>&nbsp; T\u00edtulo Nanas de la cebolla Medidas 73 x 92 cm T\u00e9cnica \u00d3leo sobre lienzo. Letra: Miguel Hern\u00e1ndez. M\u00fasica: Alberto Cortez.\u00a0 Interpretada por J.M.Serrat. La cebolla es escarcha cerrada y pobre. Escarcha de tus d\u00edas y de mis noches. Hambre <span class=\"excerpt-dots\">&hellip;<\/span> <a class=\"more-link\" href=\"https:\/\/feguars.es\/?page_id=4119\"><span class=\"more-msg\">Sigue leyendo &rarr;<\/span><\/a><\/p>\n","protected":false},"author":1,"featured_media":4115,"parent":174,"menu_order":0,"comment_status":"closed","ping_status":"closed","template":"","meta":{"footnotes":""},"class_list":["post-4119","page","type-page","status-publish","has-post-thumbnail","hentry"],"_links":{"self":[{"href":"https:\/\/feguars.es\/index.php?rest_route=\/wp\/v2\/pages\/4119","targetHints":{"allow":["GET"]}}],"collection":[{"href":"https:\/\/feguars.es\/index.php?rest_route=\/wp\/v2\/pages"}],"about":[{"href":"https:\/\/feguars.es\/index.php?rest_route=\/wp\/v2\/types\/page"}],"author":[{"embeddable":true,"href":"https:\/\/feguars.es\/index.php?rest_route=\/wp\/v2\/users\/1"}],"replies":[{"embeddable":true,"href":"https:\/\/feguars.es\/index.php?rest_route=%2Fwp%2Fv2%2Fcomments&post=4119"}],"version-history":[{"count":1,"href":"https:\/\/feguars.es\/index.php?rest_route=\/wp\/v2\/pages\/4119\/revisions"}],"predecessor-version":[{"id":4120,"href":"https:\/\/feguars.es\/index.php?rest_route=\/wp\/v2\/pages\/4119\/revisions\/4120"}],"up":[{"embeddable":true,"href":"https:\/\/feguars.es\/index.php?rest_route=\/wp\/v2\/pages\/174"}],"wp:featuredmedia":[{"embeddable":true,"href":"https:\/\/feguars.es\/index.php?rest_route=\/wp\/v2\/media\/4115"}],"wp:attachment":[{"href":"https:\/\/feguars.es\/index.php?rest_route=%2Fwp%2Fv2%2Fmedia&parent=4119"}],"curies":[{"name":"wp","href":"https:\/\/api.w.org\/{rel}","templated":true}]}}