{"id":4121,"date":"2025-09-04T16:46:20","date_gmt":"2025-09-04T16:46:20","guid":{"rendered":"https:\/\/feguars.es\/?page_id=4121"},"modified":"2025-09-05T17:19:29","modified_gmt":"2025-09-05T17:19:29","slug":"nazarin","status":"publish","type":"page","link":"https:\/\/feguars.es\/?page_id=4121","title":{"rendered":"NAZAR\u00cdN"},"content":{"rendered":"<p><a href=\"http:\/\/feguars.es\/wp-content\/uploads\/2025\/09\/Nazarin-89-x-116-Cm.jpg\" data-gallery><img loading=\"lazy\" decoding=\"async\" class=\"aligncenter wp-image-4116 size-large\" src=\"http:\/\/feguars.es\/wp-content\/uploads\/2025\/09\/Nazarin-89-x-116-Cm-1024x785.jpg\" alt=\"\" width=\"1024\" height=\"785\" srcset=\"https:\/\/feguars.es\/wp-content\/uploads\/2025\/09\/Nazarin-89-x-116-Cm-1024x785.jpg 1024w, https:\/\/feguars.es\/wp-content\/uploads\/2025\/09\/Nazarin-89-x-116-Cm-300x230.jpg 300w, https:\/\/feguars.es\/wp-content\/uploads\/2025\/09\/Nazarin-89-x-116-Cm-768x589.jpg 768w, https:\/\/feguars.es\/wp-content\/uploads\/2025\/09\/Nazarin-89-x-116-Cm.jpg 1490w\" sizes=\"auto, (max-width: 1024px) 100vw, 1024px\" \/><\/a><\/p>\n<p>&nbsp;<\/p>\n<table width=\"94%\">\n<tbody>\n<tr>\n<td width=\"24%\"><strong>T\u00edtulo<\/strong><\/td>\n<td>Nazar\u00edn<\/td>\n<\/tr>\n<tr>\n<td width=\"24%\"><strong>Medidas<\/strong><\/td>\n<td>89 x 116 cm<\/td>\n<\/tr>\n<tr>\n<td width=\"24%\"><strong>T\u00e9cnica<\/strong><\/td>\n<td>\u00d3leo sobre lienzo.<\/td>\n<\/tr>\n<tr>\n<td colspan=\"2\"><strong>Basado en la pel\u00edcula \u201cNazar\u00edn\u201d dirigida por Luis Bu\u00f1uel en M\u00e9jico <\/strong><strong>en el a\u00f1o 1959 y galardonada con el Premio Internacional en el Festival de Cine de Cannes.<\/strong><\/td>\n<\/tr>\n<\/tbody>\n<\/table>\n<p>&nbsp;<\/p>\n","protected":false},"excerpt":{"rendered":"<p>&nbsp; T\u00edtulo Nazar\u00edn Medidas 89 x 116 cm T\u00e9cnica \u00d3leo sobre lienzo. Basado en la pel\u00edcula \u201cNazar\u00edn\u201d dirigida por Luis Bu\u00f1uel en M\u00e9jico en el a\u00f1o 1959 y galardonada con el Premio Internacional en el Festival de Cine de Cannes. <span class=\"excerpt-dots\">&hellip;<\/span> <a class=\"more-link\" href=\"https:\/\/feguars.es\/?page_id=4121\"><span class=\"more-msg\">Sigue leyendo &rarr;<\/span><\/a><\/p>\n","protected":false},"author":1,"featured_media":4116,"parent":174,"menu_order":0,"comment_status":"closed","ping_status":"closed","template":"","meta":{"footnotes":""},"class_list":["post-4121","page","type-page","status-publish","has-post-thumbnail","hentry"],"_links":{"self":[{"href":"https:\/\/feguars.es\/index.php?rest_route=\/wp\/v2\/pages\/4121","targetHints":{"allow":["GET"]}}],"collection":[{"href":"https:\/\/feguars.es\/index.php?rest_route=\/wp\/v2\/pages"}],"about":[{"href":"https:\/\/feguars.es\/index.php?rest_route=\/wp\/v2\/types\/page"}],"author":[{"embeddable":true,"href":"https:\/\/feguars.es\/index.php?rest_route=\/wp\/v2\/users\/1"}],"replies":[{"embeddable":true,"href":"https:\/\/feguars.es\/index.php?rest_route=%2Fwp%2Fv2%2Fcomments&post=4121"}],"version-history":[{"count":2,"href":"https:\/\/feguars.es\/index.php?rest_route=\/wp\/v2\/pages\/4121\/revisions"}],"predecessor-version":[{"id":4145,"href":"https:\/\/feguars.es\/index.php?rest_route=\/wp\/v2\/pages\/4121\/revisions\/4145"}],"up":[{"embeddable":true,"href":"https:\/\/feguars.es\/index.php?rest_route=\/wp\/v2\/pages\/174"}],"wp:featuredmedia":[{"embeddable":true,"href":"https:\/\/feguars.es\/index.php?rest_route=\/wp\/v2\/media\/4116"}],"wp:attachment":[{"href":"https:\/\/feguars.es\/index.php?rest_route=%2Fwp%2Fv2%2Fmedia&parent=4121"}],"curies":[{"name":"wp","href":"https:\/\/api.w.org\/{rel}","templated":true}]}}