{"id":4149,"date":"2025-09-08T16:31:57","date_gmt":"2025-09-08T16:31:57","guid":{"rendered":"https:\/\/feguars.es\/?page_id=4149"},"modified":"2025-09-08T17:47:10","modified_gmt":"2025-09-08T17:47:10","slug":"in-crescendo","status":"publish","type":"page","link":"https:\/\/feguars.es\/?page_id=4149","title":{"rendered":"IN CRESCENDO &#8211; Miguel Caball\u00fa Albiac"},"content":{"rendered":"<p><strong>Sala de Exposiciones de la Biblioteca de Arag\u00f3n octubre 2003<\/strong><\/p>\n<p><strong>\u00a0<\/strong>\u201cIn crescendo\u201d es el sugerente t\u00edtulo con el que Joaqu\u00edn Ferrer Guallar\u00a0 (Feguars) cuelga lo \u00faltimo de su obra en la Sala de Exposiciones de la Biblioteca de Arag\u00f3n. Tiene en su mente la composici\u00f3n de la muestra que va desde la suavidad crom\u00e1tica de las obras como las tituladas \u201cRayos de Sol\u201d o \u201dContrabajo Piano\u201d a la fuerza colorista que invade otras como la \u201cSonata del Pensador\u201d. Toda la vida de la creaci\u00f3n, en las mentes inquietas, es \u201cin crescendo\u201d. En el mundo del arte, el griego axioma de que todo fluye y nada permanece, se concreta mucho m\u00e1s que en el devenir de la vida cotidiana. Y si como en este caso, el artista es eso, artista, el progreso continuado es su conducta obligada.<\/p>\n<p>Joaqu\u00edn Ferrer combate en su estudio, d\u00eda a d\u00eda, contra la inercia y la mediocridad. No se conforma a la primera. Es muy exigente. Es un inconformista y dentro de unas coordenadas que impregnan la totalidad de su pintura, busca y encuentra, cuadro a cuadro, nuevas formas cuando parec\u00eda que ya estaban todas plasmadas, y nuevas gamas y t\u00e9cnicas, cuando parec\u00eda ya\u00a0 que su pintura se hab\u00eda sosegado en un final feliz. Pocas veces se ven invariantes de personalidad pict\u00f3rica tan variantes en su expresi\u00f3n. Siempre m\u00e1s y mejor, siempre \u201cin crescendo\u201d.<\/p>\n<p>El espectador, demasiado acostumbrado a buscar coherencias, puede perderse en el d\u00e9dalo de geometr\u00edas tan gozosamente dispuestas. Es necesario un ejercicio de paciencia y comprensi\u00f3n para no quedarse en lo externo y encontrar la vida interior del cuadro. Todos los cuadros de Joaqu\u00edn Ferrer tienen vida interior, tienen alma, tienen esp\u00edritu y mensaje, aunque a veces juega al despiste total. Pierda el inteligente visitante unos minutos con cada cuadro y disfrutar\u00e1 de los quiebros permanentes del dibujo, de los gui\u00f1os traviesos del color, de las claves abstractas de su composici\u00f3n. S\u00f3lo entonces su inter\u00e9s ir\u00e1 \u201cin crescendo\u201d sin adivinar el final que no deb\u00eda ser otro que el \u00e9xito m\u00e1s rotundo.<\/p>\n<p>&nbsp;<\/p>\n<p><img loading=\"lazy\" decoding=\"async\" class=\"alignleft wp-image-4183 size-medium\" src=\"http:\/\/feguars.es\/wp-content\/uploads\/2025\/09\/CaballuAlbiac-225x300.jpg\" alt=\"\" width=\"225\" height=\"300\" srcset=\"https:\/\/feguars.es\/wp-content\/uploads\/2025\/09\/CaballuAlbiac-225x300.jpg 225w, https:\/\/feguars.es\/wp-content\/uploads\/2025\/09\/CaballuAlbiac.jpg 626w\" sizes=\"auto, (max-width: 225px) 100vw, 225px\" \/><\/p>\n<p style=\"padding-left: 160px;\"><strong>Miguel Caball\u00fa Albiac<\/strong><\/p>\n<p style=\"padding-left: 160px;\">De la Real de San Luis<\/p>\n","protected":false},"excerpt":{"rendered":"<p>Sala de Exposiciones de la Biblioteca de Arag\u00f3n octubre 2003 \u00a0\u201cIn crescendo\u201d es el sugerente t\u00edtulo con el que Joaqu\u00edn Ferrer Guallar\u00a0 (Feguars) cuelga lo \u00faltimo de su obra en la Sala de Exposiciones de la Biblioteca de Arag\u00f3n. Tiene <span class=\"excerpt-dots\">&hellip;<\/span> <a class=\"more-link\" href=\"https:\/\/feguars.es\/?page_id=4149\"><span class=\"more-msg\">Sigue leyendo &rarr;<\/span><\/a><\/p>\n","protected":false},"author":1,"featured_media":4183,"parent":100,"menu_order":0,"comment_status":"closed","ping_status":"closed","template":"","meta":{"footnotes":""},"class_list":["post-4149","page","type-page","status-publish","has-post-thumbnail","hentry"],"_links":{"self":[{"href":"https:\/\/feguars.es\/index.php?rest_route=\/wp\/v2\/pages\/4149","targetHints":{"allow":["GET"]}}],"collection":[{"href":"https:\/\/feguars.es\/index.php?rest_route=\/wp\/v2\/pages"}],"about":[{"href":"https:\/\/feguars.es\/index.php?rest_route=\/wp\/v2\/types\/page"}],"author":[{"embeddable":true,"href":"https:\/\/feguars.es\/index.php?rest_route=\/wp\/v2\/users\/1"}],"replies":[{"embeddable":true,"href":"https:\/\/feguars.es\/index.php?rest_route=%2Fwp%2Fv2%2Fcomments&post=4149"}],"version-history":[{"count":4,"href":"https:\/\/feguars.es\/index.php?rest_route=\/wp\/v2\/pages\/4149\/revisions"}],"predecessor-version":[{"id":4184,"href":"https:\/\/feguars.es\/index.php?rest_route=\/wp\/v2\/pages\/4149\/revisions\/4184"}],"up":[{"embeddable":true,"href":"https:\/\/feguars.es\/index.php?rest_route=\/wp\/v2\/pages\/100"}],"wp:featuredmedia":[{"embeddable":true,"href":"https:\/\/feguars.es\/index.php?rest_route=\/wp\/v2\/media\/4183"}],"wp:attachment":[{"href":"https:\/\/feguars.es\/index.php?rest_route=%2Fwp%2Fv2%2Fmedia&parent=4149"}],"curies":[{"name":"wp","href":"https:\/\/api.w.org\/{rel}","templated":true}]}}