{"id":4157,"date":"2025-09-08T17:34:19","date_gmt":"2025-09-08T17:34:19","guid":{"rendered":"https:\/\/feguars.es\/?page_id=4157"},"modified":"2025-09-08T17:45:09","modified_gmt":"2025-09-08T17:45:09","slug":"alejo-loren","status":"publish","type":"page","link":"https:\/\/feguars.es\/?page_id=4157","title":{"rendered":"Alejo Lor\u00e9n"},"content":{"rendered":"<p>Los cuadros de Joaqu\u00edn Ferrer Guallar, no dejan indiferente. Su colorido, variedad de gamas y elementos anecd\u00f3ticos y semi\u00f3ticos escondidos y flotantes en esos colores pastel de los fondos, as\u00ed como esas formas geom\u00e9tricas con apariencia y colores de piezas de un juego de arquitectura infantil impactan en los ojos del contemplador. Pero la pintura de Joaqu\u00edn, que siempre firma con un acr\u00f3nimo de sus apellidos, <em>Feguars,<\/em> retrotray\u00e9ndose as\u00ed a un apelativo que ya deb\u00eda\u00a0 usar en su ni\u00f1ez, no es s\u00f3lo para mirarla si no para sentirla, como le ocurre a la m\u00fasica.<\/p>\n<p>Para \u00e9l el lienzo es un pentagrama donde plasma una melod\u00eda de colores y formas generada por un desarrollo crom\u00e1tico infinito del arco iris y por una geometr\u00eda de formas ilimitadas. El resultado de tan trabajoso hacer son esos cuadros que hablan a la sensibilidad; abigarrados, llenos de ritmos geom\u00e9tricos que se entrecruzan y conviven con signos y criptogramas -casi jerogl\u00edficos egipcios- que hacen su lectura compleja y atractiva pues nos permite volcar nuestro inconsciente cual si de las manchas del test de Rorschach se tratara. Curiosamente incluso recuerdan la riqueza y sorpresa de los fractales, por esas formas que nos envuelven, con sus cambios y estructuras cin\u00e9ticas sorprendentes.<\/p>\n<p>Su obra es deudora de gran parte de la historia de la pintura, su gran afici\u00f3n desde que lo conoc\u00ed. En sus cuadros hay desde gui\u00f1os al constructivismo ruso (Mondrian), hasta un claro referente a la Bauhaus de Kandinsky, pasando por la abstracci\u00f3n geom\u00e9trica, el lirismo \u201cmironiano\u201d, el surrealismo abstracto, y un siempre presente sedimento <em>naif<\/em> que denota sus comienzos dif\u00edciles autodidactas.<\/p>\n<p>Joaqu\u00edn Ferrer Guallar, con su t\u00e9cnica, trabajo pict\u00f3rico y gran voluntad, ha logrado amalgamar un mundo propio y original, perfectamente distinguible a primera vista.<\/p>\n<p>&nbsp;<\/p>\n<p><img loading=\"lazy\" decoding=\"async\" class=\"size-full wp-image-4173 alignnone\" src=\"http:\/\/feguars.es\/wp-content\/uploads\/2025\/09\/Alejo-Loren.jpeg\" alt=\"\" width=\"200\" height=\"200\" srcset=\"https:\/\/feguars.es\/wp-content\/uploads\/2025\/09\/Alejo-Loren.jpeg 200w, https:\/\/feguars.es\/wp-content\/uploads\/2025\/09\/Alejo-Loren-150x150.jpeg 150w\" sizes=\"auto, (max-width: 200px) 100vw, 200px\" \/><\/p>\n<p><em>Alejo Lor\u00e9n<\/em><br \/>\n<em>Miembro de la Asociaci\u00f3n Espa\u00f1ola de Historiadores del Cine<\/em><\/p>\n","protected":false},"excerpt":{"rendered":"<p>Los cuadros de Joaqu\u00edn Ferrer Guallar, no dejan indiferente. Su colorido, variedad de gamas y elementos anecd\u00f3ticos y semi\u00f3ticos escondidos y flotantes en esos colores pastel de los fondos, as\u00ed como esas formas geom\u00e9tricas con apariencia y colores de piezas <span class=\"excerpt-dots\">&hellip;<\/span> <a class=\"more-link\" href=\"https:\/\/feguars.es\/?page_id=4157\"><span class=\"more-msg\">Sigue leyendo &rarr;<\/span><\/a><\/p>\n","protected":false},"author":1,"featured_media":4173,"parent":100,"menu_order":0,"comment_status":"closed","ping_status":"closed","template":"","meta":{"footnotes":""},"class_list":["post-4157","page","type-page","status-publish","has-post-thumbnail","hentry"],"_links":{"self":[{"href":"https:\/\/feguars.es\/index.php?rest_route=\/wp\/v2\/pages\/4157","targetHints":{"allow":["GET"]}}],"collection":[{"href":"https:\/\/feguars.es\/index.php?rest_route=\/wp\/v2\/pages"}],"about":[{"href":"https:\/\/feguars.es\/index.php?rest_route=\/wp\/v2\/types\/page"}],"author":[{"embeddable":true,"href":"https:\/\/feguars.es\/index.php?rest_route=\/wp\/v2\/users\/1"}],"replies":[{"embeddable":true,"href":"https:\/\/feguars.es\/index.php?rest_route=%2Fwp%2Fv2%2Fcomments&post=4157"}],"version-history":[{"count":3,"href":"https:\/\/feguars.es\/index.php?rest_route=\/wp\/v2\/pages\/4157\/revisions"}],"predecessor-version":[{"id":4180,"href":"https:\/\/feguars.es\/index.php?rest_route=\/wp\/v2\/pages\/4157\/revisions\/4180"}],"up":[{"embeddable":true,"href":"https:\/\/feguars.es\/index.php?rest_route=\/wp\/v2\/pages\/100"}],"wp:featuredmedia":[{"embeddable":true,"href":"https:\/\/feguars.es\/index.php?rest_route=\/wp\/v2\/media\/4173"}],"wp:attachment":[{"href":"https:\/\/feguars.es\/index.php?rest_route=%2Fwp%2Fv2%2Fmedia&parent=4157"}],"curies":[{"name":"wp","href":"https:\/\/api.w.org\/{rel}","templated":true}]}}