{"id":4159,"date":"2025-09-08T17:35:21","date_gmt":"2025-09-08T17:35:21","guid":{"rendered":"https:\/\/feguars.es\/?page_id=4159"},"modified":"2025-09-08T17:46:12","modified_gmt":"2025-09-08T17:46:12","slug":"desiree-orus","status":"publish","type":"page","link":"https:\/\/feguars.es\/?page_id=4159","title":{"rendered":"Desir\u00e8e Or\u00fas"},"content":{"rendered":"<p><strong>LA EMOCI\u00d3N VISUAL DE LA M\u00daSICA.<\/strong><\/p>\n<p><em>Ritmo, armon\u00eda y color<\/em>. Son tres conceptos \u00edntimamente unidos tanto a la pintura como a la m\u00fasica. Es mas, cualquiera de ellos se puede aplicar indistintamente a una u otra disciplina. Con estos elementos trabaja \u00a0Joaqu\u00edn Ferrer Guallar, Feguar, para convertir sus cuadros en representaciones visuales. Cada elemento reflejado en el cuadro tiene su correspondencia con la canci\u00f3n que suscribe. Un laberinto imaginario donde la capacidad creativa del autor se vuelca en un universo de im\u00e1genes.<\/p>\n<p><em>El ritmo<\/em> en las composiciones pict\u00f3ricas est\u00e1 medido de manera visual y se produce mediante la ordenaci\u00f3n de los diferentes elementos. Su estructura la vamos ordenando en la mente. Primero percibimos un maremagnum de formas que asoman ante los ojos, pero poco a poco ese enjambre de pulsos musicales se delimita en cientos de figuras geometrizantes, que con una movilidad virtuosa trazan un paisaje. Delimitan un \u201cArag\u00f3n\u201d de sinuosas monta\u00f1as, embarcaciones imposibles que gravitan por el Ebro y literatura universal. Es la narraci\u00f3n codificada de unos textos pensados para cantarse en voz alta, mecidos por el pulso de la melod\u00eda.<\/p>\n<p><em>La Armon\u00eda<\/em> se define como el equilibrio de las proporciones entre las distintas partes de un todo, \u00a0cuyo resultado va ligado siempre a la belleza. En m\u00fasica se concept\u00faa como la combinaci\u00f3n de notas que se emiten simult\u00e1neamente. En la obra de Feguar la armon\u00eda toma el significado griego de perfecto equilibrio. Estrellas, c\u00edrculos, rect\u00e1ngulos o poliedros \u00a0adquieren una nueva proporci\u00f3n, al mismo tiempo que mantienen una correspondencia medida y equilibrada entre ellos. El artista vincula de manera personal la obra musical a la pintura, al trasmitir mensajes que producen distintas intensidades an\u00edmicas. De la misma manera que nadie siente lo mismo al escuchar una melod\u00eda, nadie percibe igual una obra de arte.<\/p>\n<p><em>El Color<\/em> es la expresi\u00f3n del sentimiento. En las obras de Joaqu\u00edn Ferrer Guallar, los pinceles parecen moverse guiados por unas notas musicales que va desgranando su cerebro. La melod\u00eda se va plasmando sobre la tela por la yuxtaposici\u00f3n de multitud de colores. Instrumentos y voces que\u00a0 van fijando su contorno y al mismo tiempo parecen que se fragmentan en distintas secciones. Emociones que suponen estallidos crom\u00e1ticos. Arquitecturas imposibles se elevan sobre planos en equilibrio que culminan en perspectivas hacia el infinito. Los bloques geom\u00e9tricos de distintos tama\u00f1os y proliferaci\u00f3n de formas, van creando personajes, lugares, objetos que identifican historias. Son textos reconocibles ligados al t\u00edtulo de una canci\u00f3n, pero ante todo constituyen una expresi\u00f3n de color y de brillante vigorosidad.<\/p>\n<p>El pintor trabaja con dos aspectos formales como son la geometr\u00eda y la abstracci\u00f3n. La primera es el primer reclamo visual, mientras que la segunda es un trampantojo. Y es que en los cuadros de Feguar todo es una ilusi\u00f3n. Juega con lo que se muestra y lo que se oculta. Un acertijo del cual se tienen las llaves para conocer la respuesta: la m\u00fasica como comedio de la expresi\u00f3n art\u00edstica.<\/p>\n<p><img loading=\"lazy\" decoding=\"async\" class=\"size-full wp-image-4181 alignnone\" src=\"http:\/\/feguars.es\/wp-content\/uploads\/2025\/09\/Desiree-Orus.jpg\" alt=\"\" width=\"131\" height=\"196\" \/><\/p>\n<p><em>Desir\u00e8e Or\u00fas.<\/em><br \/>\n<em>Cr\u00edtico de Arte.<\/em><\/p>\n","protected":false},"excerpt":{"rendered":"<p>LA EMOCI\u00d3N VISUAL DE LA M\u00daSICA. Ritmo, armon\u00eda y color. Son tres conceptos \u00edntimamente unidos tanto a la pintura como a la m\u00fasica. Es mas, cualquiera de ellos se puede aplicar indistintamente a una u otra disciplina. Con estos elementos <span class=\"excerpt-dots\">&hellip;<\/span> <a class=\"more-link\" href=\"https:\/\/feguars.es\/?page_id=4159\"><span class=\"more-msg\">Sigue leyendo &rarr;<\/span><\/a><\/p>\n","protected":false},"author":1,"featured_media":4181,"parent":100,"menu_order":0,"comment_status":"closed","ping_status":"closed","template":"","meta":{"footnotes":""},"class_list":["post-4159","page","type-page","status-publish","has-post-thumbnail","hentry"],"_links":{"self":[{"href":"https:\/\/feguars.es\/index.php?rest_route=\/wp\/v2\/pages\/4159","targetHints":{"allow":["GET"]}}],"collection":[{"href":"https:\/\/feguars.es\/index.php?rest_route=\/wp\/v2\/pages"}],"about":[{"href":"https:\/\/feguars.es\/index.php?rest_route=\/wp\/v2\/types\/page"}],"author":[{"embeddable":true,"href":"https:\/\/feguars.es\/index.php?rest_route=\/wp\/v2\/users\/1"}],"replies":[{"embeddable":true,"href":"https:\/\/feguars.es\/index.php?rest_route=%2Fwp%2Fv2%2Fcomments&post=4159"}],"version-history":[{"count":2,"href":"https:\/\/feguars.es\/index.php?rest_route=\/wp\/v2\/pages\/4159\/revisions"}],"predecessor-version":[{"id":4182,"href":"https:\/\/feguars.es\/index.php?rest_route=\/wp\/v2\/pages\/4159\/revisions\/4182"}],"up":[{"embeddable":true,"href":"https:\/\/feguars.es\/index.php?rest_route=\/wp\/v2\/pages\/100"}],"wp:featuredmedia":[{"embeddable":true,"href":"https:\/\/feguars.es\/index.php?rest_route=\/wp\/v2\/media\/4181"}],"wp:attachment":[{"href":"https:\/\/feguars.es\/index.php?rest_route=%2Fwp%2Fv2%2Fmedia&parent=4159"}],"curies":[{"name":"wp","href":"https:\/\/api.w.org\/{rel}","templated":true}]}}