{"id":4161,"date":"2025-09-08T17:36:02","date_gmt":"2025-09-08T17:36:02","guid":{"rendered":"https:\/\/feguars.es\/?page_id=4161"},"modified":"2025-09-08T17:48:20","modified_gmt":"2025-09-08T17:48:20","slug":"carlos-delgado-el-punto-de-las-artes","status":"publish","type":"page","link":"https:\/\/feguars.es\/?page_id=4161","title":{"rendered":"Carlos Delgado &#8211; El Punto de las Artes"},"content":{"rendered":"<p>El artista emplea un lenguaje vibrante, de simples l\u00edneas y exquisitos cromatismos, que desarrolla unos trabajos introspectivos, po\u00e9ticos y sublimes. Semejante combinaci\u00f3n de signos, muchas veces entrelazados y superpuestos afectivamente,\u00a0 hacen que su obra se lea como un paisaje imaginario donde las formas parecen flotar en una atm\u00f3sfera sosegada. En este sentido, las figuras parecen surgir unas de otras, provocando un movimiento visual que siempre se desarrolla r\u00edtmicamente, como instruido por el comp\u00e1s de un director de orquesta.<\/p>\n<p><img loading=\"lazy\" decoding=\"async\" class=\"wp-image-4185 size-full alignnone\" src=\"http:\/\/feguars.es\/wp-content\/uploads\/2025\/09\/Carlos-delgado.jpeg\" alt=\"\" width=\"204\" height=\"192\" \/><\/p>\n<p><strong>Carlos Delgado<br \/>\nEl Punto de las Artes<\/strong>.\u00a0 Madrid<\/p>\n","protected":false},"excerpt":{"rendered":"<p>El artista emplea un lenguaje vibrante, de simples l\u00edneas y exquisitos cromatismos, que desarrolla unos trabajos introspectivos, po\u00e9ticos y sublimes. Semejante combinaci\u00f3n de signos, muchas veces entrelazados y superpuestos afectivamente,\u00a0 hacen que su obra se lea como un paisaje imaginario <span class=\"excerpt-dots\">&hellip;<\/span> <a class=\"more-link\" href=\"https:\/\/feguars.es\/?page_id=4161\"><span class=\"more-msg\">Sigue leyendo &rarr;<\/span><\/a><\/p>\n","protected":false},"author":1,"featured_media":4185,"parent":100,"menu_order":0,"comment_status":"closed","ping_status":"closed","template":"","meta":{"footnotes":""},"class_list":["post-4161","page","type-page","status-publish","has-post-thumbnail","hentry"],"_links":{"self":[{"href":"https:\/\/feguars.es\/index.php?rest_route=\/wp\/v2\/pages\/4161","targetHints":{"allow":["GET"]}}],"collection":[{"href":"https:\/\/feguars.es\/index.php?rest_route=\/wp\/v2\/pages"}],"about":[{"href":"https:\/\/feguars.es\/index.php?rest_route=\/wp\/v2\/types\/page"}],"author":[{"embeddable":true,"href":"https:\/\/feguars.es\/index.php?rest_route=\/wp\/v2\/users\/1"}],"replies":[{"embeddable":true,"href":"https:\/\/feguars.es\/index.php?rest_route=%2Fwp%2Fv2%2Fcomments&post=4161"}],"version-history":[{"count":2,"href":"https:\/\/feguars.es\/index.php?rest_route=\/wp\/v2\/pages\/4161\/revisions"}],"predecessor-version":[{"id":4186,"href":"https:\/\/feguars.es\/index.php?rest_route=\/wp\/v2\/pages\/4161\/revisions\/4186"}],"up":[{"embeddable":true,"href":"https:\/\/feguars.es\/index.php?rest_route=\/wp\/v2\/pages\/100"}],"wp:featuredmedia":[{"embeddable":true,"href":"https:\/\/feguars.es\/index.php?rest_route=\/wp\/v2\/media\/4185"}],"wp:attachment":[{"href":"https:\/\/feguars.es\/index.php?rest_route=%2Fwp%2Fv2%2Fmedia&parent=4161"}],"curies":[{"name":"wp","href":"https:\/\/api.w.org\/{rel}","templated":true}]}}