{"id":4163,"date":"2025-09-08T17:36:39","date_gmt":"2025-09-08T17:36:39","guid":{"rendered":"https:\/\/feguars.es\/?page_id=4163"},"modified":"2025-09-08T17:40:17","modified_gmt":"2025-09-08T17:40:17","slug":"amparo-marti","status":"publish","type":"page","link":"https:\/\/feguars.es\/?page_id=4163","title":{"rendered":"AMPARO MART\u00cd"},"content":{"rendered":"<p>Exposici\u00f3n Centro Cultural Torrevella\u00a0\u00a0 Salou\u00a0\u00a0 Julio 2002<\/p>\n<p>Se dir\u00eda que la obra figurativa de Feguars a partir de un punto de su vida ha cristalizado en luces y en colores. Cada pintor creador ve las cosas que le rodean seg\u00fan su matiz y visi\u00f3n personal. Ellos, los creadores en la mente conforman su realidad de manera \u00fanica que tratan de comunicar al observador. Cuando apuntan un tema o titulan un cuadro lo hacen convencidos de que eso es la realidad de su cuadro, transmitiendo la propia visi\u00f3n del mismo y lo hacen de una manera tan convincente que sin mucho esforzarse, cada uno que les observa siente ese latir dentro de la obra (eso es el alma de una creaci\u00f3n sincera).<\/p>\n<p>En el caso de Feguars adem\u00e1s de la composici\u00f3n pl\u00e1stica materialmente perfecta, razonadamente geom\u00e9trica y matem\u00e1tica el pintor a\u00f1ade una melod\u00eda musical de tiempo y ritmo. Esa exposici\u00f3n material esconde en su concepto una intuici\u00f3n extraordinaria y sensitiva que bulle en la cabeza y en el coraz\u00f3n porque es una pintura la suya, muy sensorial y apasionada.<\/p>\n<p><img loading=\"lazy\" decoding=\"async\" class=\"size-full wp-image-4171 alignnone\" src=\"http:\/\/feguars.es\/wp-content\/uploads\/2025\/09\/AmparoMarti.jpeg\" alt=\"\" width=\"204\" height=\"192\" \/><\/p>\n<p><em><strong>AMPARO MART\u00cd<br \/>\n<\/strong>Miembro de la Asociaci\u00f3n Espa\u00f1ola e Internacional de Cr\u00edticos de Arte.<\/em><\/p>\n<p>&nbsp;<\/p>\n","protected":false},"excerpt":{"rendered":"<p>Exposici\u00f3n Centro Cultural Torrevella\u00a0\u00a0 Salou\u00a0\u00a0 Julio 2002 Se dir\u00eda que la obra figurativa de Feguars a partir de un punto de su vida ha cristalizado en luces y en colores. Cada pintor creador ve las cosas que le rodean seg\u00fan <span class=\"excerpt-dots\">&hellip;<\/span> <a class=\"more-link\" href=\"https:\/\/feguars.es\/?page_id=4163\"><span class=\"more-msg\">Sigue leyendo &rarr;<\/span><\/a><\/p>\n","protected":false},"author":1,"featured_media":4171,"parent":100,"menu_order":0,"comment_status":"closed","ping_status":"closed","template":"","meta":{"footnotes":""},"class_list":["post-4163","page","type-page","status-publish","has-post-thumbnail","hentry"],"_links":{"self":[{"href":"https:\/\/feguars.es\/index.php?rest_route=\/wp\/v2\/pages\/4163","targetHints":{"allow":["GET"]}}],"collection":[{"href":"https:\/\/feguars.es\/index.php?rest_route=\/wp\/v2\/pages"}],"about":[{"href":"https:\/\/feguars.es\/index.php?rest_route=\/wp\/v2\/types\/page"}],"author":[{"embeddable":true,"href":"https:\/\/feguars.es\/index.php?rest_route=\/wp\/v2\/users\/1"}],"replies":[{"embeddable":true,"href":"https:\/\/feguars.es\/index.php?rest_route=%2Fwp%2Fv2%2Fcomments&post=4163"}],"version-history":[{"count":3,"href":"https:\/\/feguars.es\/index.php?rest_route=\/wp\/v2\/pages\/4163\/revisions"}],"predecessor-version":[{"id":4172,"href":"https:\/\/feguars.es\/index.php?rest_route=\/wp\/v2\/pages\/4163\/revisions\/4172"}],"up":[{"embeddable":true,"href":"https:\/\/feguars.es\/index.php?rest_route=\/wp\/v2\/pages\/100"}],"wp:featuredmedia":[{"embeddable":true,"href":"https:\/\/feguars.es\/index.php?rest_route=\/wp\/v2\/media\/4171"}],"wp:attachment":[{"href":"https:\/\/feguars.es\/index.php?rest_route=%2Fwp%2Fv2%2Fmedia&parent=4163"}],"curies":[{"name":"wp","href":"https:\/\/api.w.org\/{rel}","templated":true}]}}