{"id":425,"date":"2016-02-08T16:30:54","date_gmt":"2016-02-08T16:30:54","guid":{"rendered":"http:\/\/feguars.es\/?page_id=425"},"modified":"2018-06-29T16:10:32","modified_gmt":"2018-06-29T16:10:32","slug":"la-belleza-2","status":"publish","type":"page","link":"https:\/\/feguars.es\/?page_id=425","title":{"rendered":"La Belleza"},"content":{"rendered":"<p><a href=\"http:\/\/feguars.es\/wp-content\/uploads\/2016\/02\/La-Belleza-73x92-Cm..jpg\" data-gallery><img loading=\"lazy\" decoding=\"async\" class=\"aligncenter wp-image-427 \" src=\"http:\/\/feguars.es\/wp-content\/uploads\/2016\/02\/La-Belleza-73x92-Cm.-300x237.jpg\" alt=\"La Belleza 73x92 Cm.\" width=\"464\" height=\"370\" \/><\/a><\/p>\n<p><strong>T\u00edtulo: \u201cLA BELLEZA\u201d\u00a0\u00a0 2011\u00a0\u00a0 <\/strong><br \/>\n<strong>Medidas: 73&#215;92 Cm T\u00e9cnica: <\/strong><br \/>\n<strong>\u00d3leo sobre lienzo.<\/strong><\/p>\n<p style=\"text-align: center;\">Enemigo de la guerra<br \/>\ny su reverso, la medalla,<br \/>\nno propuse otra batalla<br \/>\nque librar al coraz\u00f3n<br \/>\nde ponerse cuerpo a tierra<br \/>\nbajo el paso de una Historia<br \/>\nque iba a alzar hasta la gloria<br \/>\nel poder de la Raz\u00f3n\u2026<br \/>\nY ahora que ya no hay trincheras,<br \/>\nel combate es la escalera<br \/>\ny el que trepe a lo mas alto<br \/>\npondr\u00e1 a salvo su cabeza<br \/>\naunque se hunda en el asfalto<br \/>\nla Belleza&#8230;<\/p>\n<p>La Belleza. Letra y M\u00fasica: L. E. Aute<\/p>\n","protected":false},"excerpt":{"rendered":"<p>T\u00edtulo: \u201cLA BELLEZA\u201d\u00a0\u00a0 2011\u00a0\u00a0 Medidas: 73&#215;92 Cm T\u00e9cnica: \u00d3leo sobre lienzo. Enemigo de la guerra y su reverso, la medalla, no propuse otra batalla que librar al coraz\u00f3n de ponerse cuerpo a tierra bajo el paso de una Historia que <span class=\"excerpt-dots\">&hellip;<\/span> <a class=\"more-link\" href=\"https:\/\/feguars.es\/?page_id=425\"><span class=\"more-msg\">Sigue leyendo &rarr;<\/span><\/a><\/p>\n","protected":false},"author":1,"featured_media":427,"parent":174,"menu_order":0,"comment_status":"closed","ping_status":"closed","template":"","meta":{"footnotes":""},"class_list":["post-425","page","type-page","status-publish","has-post-thumbnail","hentry"],"_links":{"self":[{"href":"https:\/\/feguars.es\/index.php?rest_route=\/wp\/v2\/pages\/425","targetHints":{"allow":["GET"]}}],"collection":[{"href":"https:\/\/feguars.es\/index.php?rest_route=\/wp\/v2\/pages"}],"about":[{"href":"https:\/\/feguars.es\/index.php?rest_route=\/wp\/v2\/types\/page"}],"author":[{"embeddable":true,"href":"https:\/\/feguars.es\/index.php?rest_route=\/wp\/v2\/users\/1"}],"replies":[{"embeddable":true,"href":"https:\/\/feguars.es\/index.php?rest_route=%2Fwp%2Fv2%2Fcomments&post=425"}],"version-history":[{"count":4,"href":"https:\/\/feguars.es\/index.php?rest_route=\/wp\/v2\/pages\/425\/revisions"}],"predecessor-version":[{"id":1031,"href":"https:\/\/feguars.es\/index.php?rest_route=\/wp\/v2\/pages\/425\/revisions\/1031"}],"up":[{"embeddable":true,"href":"https:\/\/feguars.es\/index.php?rest_route=\/wp\/v2\/pages\/174"}],"wp:featuredmedia":[{"embeddable":true,"href":"https:\/\/feguars.es\/index.php?rest_route=\/wp\/v2\/media\/427"}],"wp:attachment":[{"href":"https:\/\/feguars.es\/index.php?rest_route=%2Fwp%2Fv2%2Fmedia&parent=425"}],"curies":[{"name":"wp","href":"https:\/\/api.w.org\/{rel}","templated":true}]}}