{"id":431,"date":"2016-02-09T11:27:16","date_gmt":"2016-02-09T11:27:16","guid":{"rendered":"http:\/\/feguars.es\/?page_id=431"},"modified":"2018-06-29T16:10:21","modified_gmt":"2018-06-29T16:10:21","slug":"le-meteque","status":"publish","type":"page","link":"https:\/\/feguars.es\/?page_id=431","title":{"rendered":"Le M\u00e9t\u00e8que"},"content":{"rendered":"<p><a href=\"http:\/\/feguars.es\/wp-content\/uploads\/2016\/02\/Le-m\u00e9t\u00e8que-89x116Cm..jpg\" data-gallery><img loading=\"lazy\" decoding=\"async\" class=\"aligncenter wp-image-433 \" src=\"http:\/\/feguars.es\/wp-content\/uploads\/2016\/02\/Le-m\u00e9t\u00e8que-89x116Cm.-300x237.jpg\" alt=\"Le m\u00e9t\u00e8que 89x116Cm.\" width=\"413\" height=\"331\" \/><\/a><\/p>\n<p><strong>T\u00edtulo: \u201c Le m\u00e9t\u00e8que\u201d <\/strong><br \/>\n<strong>Medidas: 89x 116 Cm. <\/strong><br \/>\n<strong>T\u00e9cnica: \u00d3leo sobre lienzo.<\/strong><\/p>\n<p style=\"text-align: center;\">Avec ma gueule de m\u00e9t\u00e8que<br \/>\nDe Juif errant, de p\u00e2tre grec<br \/>\nEt mes cheveux aux quatre vents<br \/>\nAvec mes yeux tout d\u00e9lav\u00e9s<br \/>\nQui me donnent l&#8217;air de r\u00eaver<br \/>\nMoi qui ne r\u00eave plus souvent<br \/>\nAvec mes mains de maraudeur<br \/>\nDe musicien et de r\u00f4deur<br \/>\nQui ont pill\u00e9 tant de jardins<br \/>\nAvec ma bouche qui a bu<br \/>\nQui a embrass\u00e9 et mordu<br \/>\nSans jamais assouvir sa faim\u2026<\/p>\n<p>Basado en la canci\u00f3n hom\u00f3nima de Georges Moustaki.<\/p>\n","protected":false},"excerpt":{"rendered":"<p>T\u00edtulo: \u201c Le m\u00e9t\u00e8que\u201d Medidas: 89x 116 Cm. T\u00e9cnica: \u00d3leo sobre lienzo. Avec ma gueule de m\u00e9t\u00e8que De Juif errant, de p\u00e2tre grec Et mes cheveux aux quatre vents Avec mes yeux tout d\u00e9lav\u00e9s Qui me donnent l&#8217;air de r\u00eaver <span class=\"excerpt-dots\">&hellip;<\/span> <a class=\"more-link\" href=\"https:\/\/feguars.es\/?page_id=431\"><span class=\"more-msg\">Sigue leyendo &rarr;<\/span><\/a><\/p>\n","protected":false},"author":1,"featured_media":433,"parent":174,"menu_order":0,"comment_status":"closed","ping_status":"closed","template":"","meta":{"footnotes":""},"class_list":["post-431","page","type-page","status-publish","has-post-thumbnail","hentry"],"_links":{"self":[{"href":"https:\/\/feguars.es\/index.php?rest_route=\/wp\/v2\/pages\/431","targetHints":{"allow":["GET"]}}],"collection":[{"href":"https:\/\/feguars.es\/index.php?rest_route=\/wp\/v2\/pages"}],"about":[{"href":"https:\/\/feguars.es\/index.php?rest_route=\/wp\/v2\/types\/page"}],"author":[{"embeddable":true,"href":"https:\/\/feguars.es\/index.php?rest_route=\/wp\/v2\/users\/1"}],"replies":[{"embeddable":true,"href":"https:\/\/feguars.es\/index.php?rest_route=%2Fwp%2Fv2%2Fcomments&post=431"}],"version-history":[{"count":2,"href":"https:\/\/feguars.es\/index.php?rest_route=\/wp\/v2\/pages\/431\/revisions"}],"predecessor-version":[{"id":1029,"href":"https:\/\/feguars.es\/index.php?rest_route=\/wp\/v2\/pages\/431\/revisions\/1029"}],"up":[{"embeddable":true,"href":"https:\/\/feguars.es\/index.php?rest_route=\/wp\/v2\/pages\/174"}],"wp:featuredmedia":[{"embeddable":true,"href":"https:\/\/feguars.es\/index.php?rest_route=\/wp\/v2\/media\/433"}],"wp:attachment":[{"href":"https:\/\/feguars.es\/index.php?rest_route=%2Fwp%2Fv2%2Fmedia&parent=431"}],"curies":[{"name":"wp","href":"https:\/\/api.w.org\/{rel}","templated":true}]}}