{"id":435,"date":"2016-02-09T11:30:53","date_gmt":"2016-02-09T11:30:53","guid":{"rendered":"http:\/\/feguars.es\/?page_id=435"},"modified":"2018-06-29T16:10:01","modified_gmt":"2018-06-29T16:10:01","slug":"me-gustaria-date-el-mar","status":"publish","type":"page","link":"https:\/\/feguars.es\/?page_id=435","title":{"rendered":"Me Gustar\u00eda darte el Mar"},"content":{"rendered":"<p><a href=\"http:\/\/feguars.es\/wp-content\/uploads\/2016\/02\/Me-gustar\u00eda-darte-el-lmar-65x54-Cm..jpg\" data-gallery><img loading=\"lazy\" decoding=\"async\" class=\"aligncenter wp-image-437 \" src=\"http:\/\/feguars.es\/wp-content\/uploads\/2016\/02\/Me-gustar\u00eda-darte-el-lmar-65x54-Cm.-251x300.jpg\" alt=\"Me gustar\u00eda darte el lmar 65x54 Cm.\" width=\"329\" height=\"389\" \/><\/a><\/p>\n<p><strong>T\u00edtulo: \u201dME GUSTAR\u00cdA DARTE EL MAR\u201d<\/strong><br \/>\n<strong>Medidas: 65&#215;54 Cm.<\/strong><br \/>\n<strong>T\u00e9cnica: \u00d3leo sobre lienzo.<\/strong><\/p>\n<p style=\"text-align: center;\">Me gustar\u00eda darte el mar<br \/>\nTodo ese mar que no conoces<br \/>\nTodo ese mar que no has bebido<br \/>\nQue hace m\u00e1s seco tu camino de piedras sordas<br \/>\nDe piedras sordas y de espinos<br \/>\nMe gustar\u00eda darte el mar<br \/>\nMe gustar\u00eda darte el mar<br \/>\nTodo ese mar cansado y bello\u2026<\/p>\n<p>\u00a0Letra y m\u00fasica: Joaqu\u00edn Carbonell<\/p>\n","protected":false},"excerpt":{"rendered":"<p>T\u00edtulo: \u201dME GUSTAR\u00cdA DARTE EL MAR\u201d Medidas: 65&#215;54 Cm. T\u00e9cnica: \u00d3leo sobre lienzo. Me gustar\u00eda darte el mar Todo ese mar que no conoces Todo ese mar que no has bebido Que hace m\u00e1s seco tu camino de piedras sordas <span class=\"excerpt-dots\">&hellip;<\/span> <a class=\"more-link\" href=\"https:\/\/feguars.es\/?page_id=435\"><span class=\"more-msg\">Sigue leyendo &rarr;<\/span><\/a><\/p>\n","protected":false},"author":1,"featured_media":437,"parent":174,"menu_order":0,"comment_status":"closed","ping_status":"closed","template":"","meta":{"footnotes":""},"class_list":["post-435","page","type-page","status-publish","has-post-thumbnail","hentry"],"_links":{"self":[{"href":"https:\/\/feguars.es\/index.php?rest_route=\/wp\/v2\/pages\/435","targetHints":{"allow":["GET"]}}],"collection":[{"href":"https:\/\/feguars.es\/index.php?rest_route=\/wp\/v2\/pages"}],"about":[{"href":"https:\/\/feguars.es\/index.php?rest_route=\/wp\/v2\/types\/page"}],"author":[{"embeddable":true,"href":"https:\/\/feguars.es\/index.php?rest_route=\/wp\/v2\/users\/1"}],"replies":[{"embeddable":true,"href":"https:\/\/feguars.es\/index.php?rest_route=%2Fwp%2Fv2%2Fcomments&post=435"}],"version-history":[{"count":3,"href":"https:\/\/feguars.es\/index.php?rest_route=\/wp\/v2\/pages\/435\/revisions"}],"predecessor-version":[{"id":1026,"href":"https:\/\/feguars.es\/index.php?rest_route=\/wp\/v2\/pages\/435\/revisions\/1026"}],"up":[{"embeddable":true,"href":"https:\/\/feguars.es\/index.php?rest_route=\/wp\/v2\/pages\/174"}],"wp:featuredmedia":[{"embeddable":true,"href":"https:\/\/feguars.es\/index.php?rest_route=\/wp\/v2\/media\/437"}],"wp:attachment":[{"href":"https:\/\/feguars.es\/index.php?rest_route=%2Fwp%2Fv2%2Fmedia&parent=435"}],"curies":[{"name":"wp","href":"https:\/\/api.w.org\/{rel}","templated":true}]}}