{"id":456,"date":"2016-02-09T16:19:39","date_gmt":"2016-02-09T16:19:39","guid":{"rendered":"http:\/\/feguars.es\/?page_id=456"},"modified":"2018-06-29T16:09:27","modified_gmt":"2018-06-29T16:09:27","slug":"para-la-libertad","status":"publish","type":"page","link":"https:\/\/feguars.es\/?page_id=456","title":{"rendered":"Para la Libertad"},"content":{"rendered":"<p><a href=\"http:\/\/feguars.es\/wp-content\/uploads\/2016\/02\/Para-la-libertad-61x50-Cm..jpg\" data-gallery><img loading=\"lazy\" decoding=\"async\" class=\"aligncenter wp-image-458 \" src=\"http:\/\/feguars.es\/wp-content\/uploads\/2016\/02\/Para-la-libertad-61x50-Cm.-252x300.jpg\" alt=\"Para la libertad 61x50 Cm.\" width=\"261\" height=\"308\" \/><\/a><\/p>\n<p><strong>T\u00edtulo: \u201cPARA LA LIBERTAD\u201d\u00a0\u00a0 <\/strong><br \/>\n<strong>Medidas: 61&#215;50 Cm.<\/strong><br \/>\n<strong>T\u00e9cnica: \u00d3leo sobre lienzo<\/strong><\/p>\n<p style=\"text-align: center;\">Para la libertad sangro, lucho y pervivo.<br \/>\nPara la libertad, mis ojos y mis manos,<br \/>\ncomo un \u00e1rbol carnal, generoso y cautivo,<br \/>\ndoy a los cirujanos.<\/p>\n<p style=\"text-align: center;\">Para la libertad siento m\u00e1s corazones<br \/>\nque arenas en mi pecho. Dan espumas mis venas<br \/>\ny entro en los hospitales y entro en los algodones<br \/>\ncomo en las azucenas.<\/p>\n<p style=\"text-align: center;\">Porque donde unas cuencas vac\u00edas amanezcan,<br \/>\nella pondr\u00e1 dos piedras de futura mirada<br \/>\ny har\u00e1 que nuevos brazos y nuevas piernas crezcan<br \/>\nen la carne talada.<\/p>\n<p style=\"text-align: center;\">Reto\u00f1ar\u00e1n aladas de savia sin oto\u00f1o,<br \/>\nreliquias de mi cuerpo que pierdo en cada herida.<br \/>\nPorque soy como el \u00e1rbol talado, que reto\u00f1o<br \/>\ny a\u00fan tengo la vida\u2026<\/p>\n<p>Para la libertad. Letra y m\u00fasica: J. M. Serrat<\/p>\n","protected":false},"excerpt":{"rendered":"<p>T\u00edtulo: \u201cPARA LA LIBERTAD\u201d\u00a0\u00a0 Medidas: 61&#215;50 Cm. T\u00e9cnica: \u00d3leo sobre lienzo Para la libertad sangro, lucho y pervivo. Para la libertad, mis ojos y mis manos, como un \u00e1rbol carnal, generoso y cautivo, doy a los cirujanos. Para la libertad <span class=\"excerpt-dots\">&hellip;<\/span> <a class=\"more-link\" href=\"https:\/\/feguars.es\/?page_id=456\"><span class=\"more-msg\">Sigue leyendo &rarr;<\/span><\/a><\/p>\n","protected":false},"author":1,"featured_media":458,"parent":174,"menu_order":0,"comment_status":"closed","ping_status":"closed","template":"","meta":{"footnotes":""},"class_list":["post-456","page","type-page","status-publish","has-post-thumbnail","hentry"],"_links":{"self":[{"href":"https:\/\/feguars.es\/index.php?rest_route=\/wp\/v2\/pages\/456","targetHints":{"allow":["GET"]}}],"collection":[{"href":"https:\/\/feguars.es\/index.php?rest_route=\/wp\/v2\/pages"}],"about":[{"href":"https:\/\/feguars.es\/index.php?rest_route=\/wp\/v2\/types\/page"}],"author":[{"embeddable":true,"href":"https:\/\/feguars.es\/index.php?rest_route=\/wp\/v2\/users\/1"}],"replies":[{"embeddable":true,"href":"https:\/\/feguars.es\/index.php?rest_route=%2Fwp%2Fv2%2Fcomments&post=456"}],"version-history":[{"count":3,"href":"https:\/\/feguars.es\/index.php?rest_route=\/wp\/v2\/pages\/456\/revisions"}],"predecessor-version":[{"id":1020,"href":"https:\/\/feguars.es\/index.php?rest_route=\/wp\/v2\/pages\/456\/revisions\/1020"}],"up":[{"embeddable":true,"href":"https:\/\/feguars.es\/index.php?rest_route=\/wp\/v2\/pages\/174"}],"wp:featuredmedia":[{"embeddable":true,"href":"https:\/\/feguars.es\/index.php?rest_route=\/wp\/v2\/media\/458"}],"wp:attachment":[{"href":"https:\/\/feguars.es\/index.php?rest_route=%2Fwp%2Fv2%2Fmedia&parent=456"}],"curies":[{"name":"wp","href":"https:\/\/api.w.org\/{rel}","templated":true}]}}