{"id":460,"date":"2016-02-09T16:23:15","date_gmt":"2016-02-09T16:23:15","guid":{"rendered":"http:\/\/feguars.es\/?page_id=460"},"modified":"2018-06-29T16:09:11","modified_gmt":"2018-06-29T16:09:11","slug":"quiereme","status":"publish","type":"page","link":"https:\/\/feguars.es\/?page_id=460","title":{"rendered":"Qui\u00e9reme"},"content":{"rendered":"<p><a href=\"http:\/\/feguars.es\/wp-content\/uploads\/2016\/02\/Qui\u00e9reme-54x65-Cm..jpg\" data-gallery><img loading=\"lazy\" decoding=\"async\" class=\"aligncenter wp-image-462 size-medium\" src=\"http:\/\/feguars.es\/wp-content\/uploads\/2016\/02\/Qui\u00e9reme-54x65-Cm.-300x249.jpg\" alt=\"Qui\u00e9reme 54x65 Cm.\" width=\"300\" height=\"249\" srcset=\"https:\/\/feguars.es\/wp-content\/uploads\/2016\/02\/Qui\u00e9reme-54x65-Cm.-300x249.jpg 300w, https:\/\/feguars.es\/wp-content\/uploads\/2016\/02\/Qui\u00e9reme-54x65-Cm.-768x636.jpg 768w, https:\/\/feguars.es\/wp-content\/uploads\/2016\/02\/Qui\u00e9reme-54x65-Cm.-1024x849.jpg 1024w, https:\/\/feguars.es\/wp-content\/uploads\/2016\/02\/Qui\u00e9reme-54x65-Cm.-362x300.jpg 362w, https:\/\/feguars.es\/wp-content\/uploads\/2016\/02\/Qui\u00e9reme-54x65-Cm..jpg 1086w\" sizes=\"auto, (max-width: 300px) 100vw, 300px\" \/><\/a><\/p>\n<p><strong>T\u00edtulo: \u201cQui\u00e9reme\u201d<\/strong><br \/>\n<strong>Medidas:54&#215;65 Cm.<\/strong><br \/>\n<strong>T\u00e9cnica: \u00d3leo sobre lienzo.<\/strong><\/p>\n<p style=\"text-align: center;\">Qui\u00e9reme, aunque sea de verdad,<br \/>\nqui\u00e9reme, y perm\u00edteme el exceso,<br \/>\nqui\u00e9reme, si es posible, sin piedad,<br \/>\nqui\u00e9reme, antes del \u00faltimo beso.<\/p>\n<p style=\"text-align: center;\">Qui\u00e9reme, haz que se incinere el mar,<br \/>\nqui\u00e9reme, como el vendaval que pasa,<br \/>\npor el resto de una brasa<br \/>\ndentro de un glaciar\u2026<\/p>\n<p>Basado en la canci\u00f3n de Luis Eduardo Aute.<\/p>\n","protected":false},"excerpt":{"rendered":"<p>T\u00edtulo: \u201cQui\u00e9reme\u201d Medidas:54&#215;65 Cm. T\u00e9cnica: \u00d3leo sobre lienzo. Qui\u00e9reme, aunque sea de verdad, qui\u00e9reme, y perm\u00edteme el exceso, qui\u00e9reme, si es posible, sin piedad, qui\u00e9reme, antes del \u00faltimo beso. Qui\u00e9reme, haz que se incinere el mar, qui\u00e9reme, como el vendaval <span class=\"excerpt-dots\">&hellip;<\/span> <a class=\"more-link\" href=\"https:\/\/feguars.es\/?page_id=460\"><span class=\"more-msg\">Sigue leyendo &rarr;<\/span><\/a><\/p>\n","protected":false},"author":1,"featured_media":462,"parent":174,"menu_order":0,"comment_status":"closed","ping_status":"closed","template":"","meta":{"footnotes":""},"class_list":["post-460","page","type-page","status-publish","has-post-thumbnail","hentry"],"_links":{"self":[{"href":"https:\/\/feguars.es\/index.php?rest_route=\/wp\/v2\/pages\/460","targetHints":{"allow":["GET"]}}],"collection":[{"href":"https:\/\/feguars.es\/index.php?rest_route=\/wp\/v2\/pages"}],"about":[{"href":"https:\/\/feguars.es\/index.php?rest_route=\/wp\/v2\/types\/page"}],"author":[{"embeddable":true,"href":"https:\/\/feguars.es\/index.php?rest_route=\/wp\/v2\/users\/1"}],"replies":[{"embeddable":true,"href":"https:\/\/feguars.es\/index.php?rest_route=%2Fwp%2Fv2%2Fcomments&post=460"}],"version-history":[{"count":3,"href":"https:\/\/feguars.es\/index.php?rest_route=\/wp\/v2\/pages\/460\/revisions"}],"predecessor-version":[{"id":1017,"href":"https:\/\/feguars.es\/index.php?rest_route=\/wp\/v2\/pages\/460\/revisions\/1017"}],"up":[{"embeddable":true,"href":"https:\/\/feguars.es\/index.php?rest_route=\/wp\/v2\/pages\/174"}],"wp:featuredmedia":[{"embeddable":true,"href":"https:\/\/feguars.es\/index.php?rest_route=\/wp\/v2\/media\/462"}],"wp:attachment":[{"href":"https:\/\/feguars.es\/index.php?rest_route=%2Fwp%2Fv2%2Fmedia&parent=460"}],"curies":[{"name":"wp","href":"https:\/\/api.w.org\/{rel}","templated":true}]}}