{"id":464,"date":"2016-02-09T16:25:56","date_gmt":"2016-02-09T16:25:56","guid":{"rendered":"http:\/\/feguars.es\/?page_id=464"},"modified":"2018-06-29T16:06:58","modified_gmt":"2018-06-29T16:06:58","slug":"sin-tu-latido","status":"publish","type":"page","link":"https:\/\/feguars.es\/?page_id=464","title":{"rendered":"Sin tu Latido"},"content":{"rendered":"<p><a href=\"http:\/\/feguars.es\/wp-content\/uploads\/2016\/02\/Sin-tu-latido-89x166-Cm..jpg\" data-gallery><img loading=\"lazy\" decoding=\"async\" class=\"aligncenter wp-image-466 size-medium\" src=\"http:\/\/feguars.es\/wp-content\/uploads\/2016\/02\/Sin-tu-latido-89x166-Cm.-300x233.jpg\" alt=\"Sin tu latido 89x166 Cm.\" width=\"300\" height=\"233\" srcset=\"https:\/\/feguars.es\/wp-content\/uploads\/2016\/02\/Sin-tu-latido-89x166-Cm.-300x233.jpg 300w, https:\/\/feguars.es\/wp-content\/uploads\/2016\/02\/Sin-tu-latido-89x166-Cm.-768x597.jpg 768w, https:\/\/feguars.es\/wp-content\/uploads\/2016\/02\/Sin-tu-latido-89x166-Cm.-1024x796.jpg 1024w, https:\/\/feguars.es\/wp-content\/uploads\/2016\/02\/Sin-tu-latido-89x166-Cm.-1148x892.jpg 1148w, https:\/\/feguars.es\/wp-content\/uploads\/2016\/02\/Sin-tu-latido-89x166-Cm.-386x300.jpg 386w, https:\/\/feguars.es\/wp-content\/uploads\/2016\/02\/Sin-tu-latido-89x166-Cm..jpg 1158w\" sizes=\"auto, (max-width: 300px) 100vw, 300px\" \/><\/a><br \/>\n<strong>T\u00edtulo. \u201cSin tu latido\u201d <\/strong><br \/>\n<strong>Medidas: 89&#215;116 Cm. <\/strong><br \/>\n<strong>T\u00e9cnica: \u00d3leo sobre lienzo.<\/strong><\/p>\n<p style=\"text-align: center;\">Hay algunos que dicen<br \/>\nque todos los caminos conducen a Roma<br \/>\ny es verdad porque el m\u00edo<br \/>\nme lleva cada noche al hueco que te nombra<br \/>\ny le hablo y le suelto<br \/>\nuna sonrisa, una blasfemia y dos derrotas;<br \/>\nluego apago tus ojos<br \/>\ny duermo con tu nombre besando mi boca.<\/p>\n<p style=\"text-align: center;\">Ay, amor m\u00edo,<br \/>\nqu\u00e9 terriblemente absurdo<br \/>\nes estar vivo<br \/>\nsin el alma de tu cuerpo,<br \/>\nsin tu latido.<\/p>\n<p>Letra y M\u00fasica: Luis Eduardo Aute.<\/p>\n","protected":false},"excerpt":{"rendered":"<p>T\u00edtulo. \u201cSin tu latido\u201d Medidas: 89&#215;116 Cm. T\u00e9cnica: \u00d3leo sobre lienzo. Hay algunos que dicen que todos los caminos conducen a Roma y es verdad porque el m\u00edo me lleva cada noche al hueco que te nombra y le hablo <span class=\"excerpt-dots\">&hellip;<\/span> <a class=\"more-link\" href=\"https:\/\/feguars.es\/?page_id=464\"><span class=\"more-msg\">Sigue leyendo &rarr;<\/span><\/a><\/p>\n","protected":false},"author":1,"featured_media":466,"parent":174,"menu_order":0,"comment_status":"closed","ping_status":"closed","template":"","meta":{"footnotes":""},"class_list":["post-464","page","type-page","status-publish","has-post-thumbnail","hentry"],"_links":{"self":[{"href":"https:\/\/feguars.es\/index.php?rest_route=\/wp\/v2\/pages\/464","targetHints":{"allow":["GET"]}}],"collection":[{"href":"https:\/\/feguars.es\/index.php?rest_route=\/wp\/v2\/pages"}],"about":[{"href":"https:\/\/feguars.es\/index.php?rest_route=\/wp\/v2\/types\/page"}],"author":[{"embeddable":true,"href":"https:\/\/feguars.es\/index.php?rest_route=\/wp\/v2\/users\/1"}],"replies":[{"embeddable":true,"href":"https:\/\/feguars.es\/index.php?rest_route=%2Fwp%2Fv2%2Fcomments&post=464"}],"version-history":[{"count":4,"href":"https:\/\/feguars.es\/index.php?rest_route=\/wp\/v2\/pages\/464\/revisions"}],"predecessor-version":[{"id":1010,"href":"https:\/\/feguars.es\/index.php?rest_route=\/wp\/v2\/pages\/464\/revisions\/1010"}],"up":[{"embeddable":true,"href":"https:\/\/feguars.es\/index.php?rest_route=\/wp\/v2\/pages\/174"}],"wp:featuredmedia":[{"embeddable":true,"href":"https:\/\/feguars.es\/index.php?rest_route=\/wp\/v2\/media\/466"}],"wp:attachment":[{"href":"https:\/\/feguars.es\/index.php?rest_route=%2Fwp%2Fv2%2Fmedia&parent=464"}],"curies":[{"name":"wp","href":"https:\/\/api.w.org\/{rel}","templated":true}]}}