{"id":476,"date":"2016-02-09T16:35:00","date_gmt":"2016-02-09T16:35:00","guid":{"rendered":"http:\/\/feguars.es\/?page_id=476"},"modified":"2018-06-29T16:06:36","modified_gmt":"2018-06-29T16:06:36","slug":"476-2","status":"publish","type":"page","link":"https:\/\/feguars.es\/?page_id=476","title":{"rendered":"Tus Cartas son un Vino"},"content":{"rendered":"<p><a href=\"http:\/\/feguars.es\/wp-content\/uploads\/2016\/02\/Tus-cartas-son-un-vino-65x54-Cm.-2-1.jpg\" data-gallery><img loading=\"lazy\" decoding=\"async\" class=\"aligncenter wp-image-543 \" src=\"http:\/\/feguars.es\/wp-content\/uploads\/2016\/02\/Tus-cartas-son-un-vino-65x54-Cm.-2-1-249x300.jpg\" alt=\"Tus cartas son un vino 65x54 Cm. (2)\" width=\"291\" height=\"347\" \/><\/a><\/p>\n<p>&nbsp;<\/p>\n<p><strong>T\u00edtulo: \u201cTUS CARTAS SON UN VINO\u201d <\/strong><br \/>\n<strong>Medidas:65X54 Cm<\/strong><br \/>\n<strong>T\u00e9cnica: \u00d3leo sobre lienzo<\/strong><\/p>\n<p style=\"text-align: center;\">Tus cartas son un vino<br \/>\nque me trastorna y son<br \/>\nel \u00fanico alimento<br \/>\npara mi coraz\u00f3n.<\/p>\n<p style=\"text-align: center;\">Aunque bajo la tierra<br \/>\nmi amante cuerpo est\u00e9<br \/>\nescr\u00edbeme, paloma,<br \/>\nque yo te escribir\u00e9\u2026<br \/>\nTus cartas son un vino.<\/p>\n<p>Letra: Miguel Hern\u00e1ndez<br \/>\nM\u00fasica: Joan Manuel Serrat<\/p>\n","protected":false},"excerpt":{"rendered":"<p>&nbsp; T\u00edtulo: \u201cTUS CARTAS SON UN VINO\u201d Medidas:65X54 Cm T\u00e9cnica: \u00d3leo sobre lienzo Tus cartas son un vino que me trastorna y son el \u00fanico alimento para mi coraz\u00f3n. Aunque bajo la tierra mi amante cuerpo est\u00e9 escr\u00edbeme, paloma, que <span class=\"excerpt-dots\">&hellip;<\/span> <a class=\"more-link\" href=\"https:\/\/feguars.es\/?page_id=476\"><span class=\"more-msg\">Sigue leyendo &rarr;<\/span><\/a><\/p>\n","protected":false},"author":1,"featured_media":543,"parent":174,"menu_order":0,"comment_status":"closed","ping_status":"closed","template":"","meta":{"footnotes":""},"class_list":["post-476","page","type-page","status-publish","has-post-thumbnail","hentry"],"_links":{"self":[{"href":"https:\/\/feguars.es\/index.php?rest_route=\/wp\/v2\/pages\/476","targetHints":{"allow":["GET"]}}],"collection":[{"href":"https:\/\/feguars.es\/index.php?rest_route=\/wp\/v2\/pages"}],"about":[{"href":"https:\/\/feguars.es\/index.php?rest_route=\/wp\/v2\/types\/page"}],"author":[{"embeddable":true,"href":"https:\/\/feguars.es\/index.php?rest_route=\/wp\/v2\/users\/1"}],"replies":[{"embeddable":true,"href":"https:\/\/feguars.es\/index.php?rest_route=%2Fwp%2Fv2%2Fcomments&post=476"}],"version-history":[{"count":5,"href":"https:\/\/feguars.es\/index.php?rest_route=\/wp\/v2\/pages\/476\/revisions"}],"predecessor-version":[{"id":1007,"href":"https:\/\/feguars.es\/index.php?rest_route=\/wp\/v2\/pages\/476\/revisions\/1007"}],"up":[{"embeddable":true,"href":"https:\/\/feguars.es\/index.php?rest_route=\/wp\/v2\/pages\/174"}],"wp:featuredmedia":[{"embeddable":true,"href":"https:\/\/feguars.es\/index.php?rest_route=\/wp\/v2\/media\/543"}],"wp:attachment":[{"href":"https:\/\/feguars.es\/index.php?rest_route=%2Fwp%2Fv2%2Fmedia&parent=476"}],"curies":[{"name":"wp","href":"https:\/\/api.w.org\/{rel}","templated":true}]}}