{"id":554,"date":"2016-02-19T17:52:38","date_gmt":"2016-02-19T17:52:38","guid":{"rendered":"http:\/\/feguars.es\/?page_id=554"},"modified":"2018-06-29T16:15:53","modified_gmt":"2018-06-29T16:15:53","slug":"aquellas-pequenas-cosas","status":"publish","type":"page","link":"https:\/\/feguars.es\/?page_id=554","title":{"rendered":"Aquellas Peque\u00f1as Cosas"},"content":{"rendered":"<p><a href=\"http:\/\/feguars.es\/wp-content\/uploads\/2016\/02\/Aquellas-peque\u00f1as-cosas.-61x46-Cm..jpg\" data-gallery><img loading=\"lazy\" decoding=\"async\" class=\"wp-image-557 alignleft\" src=\"http:\/\/feguars.es\/wp-content\/uploads\/2016\/02\/Aquellas-peque\u00f1as-cosas.-61x46-Cm.-226x300.jpg\" alt=\"Aquellas peque\u00f1as cosas. 61x46 Cm.\" width=\"318\" height=\"415\" \/><\/a><\/p>\n<p style=\"text-align: center;\">Uno se cree<br \/>\nque las mat\u00f3<br \/>\nel tiempo y la ausencia.<\/p>\n<p style=\"text-align: center;\">Pero su tren<br \/>\nvendi\u00f3 boleto<br \/>\nde ida y vuelta<\/p>\n<p style=\"text-align: center;\">Son aquellas peque\u00f1as cosas,<br \/>\nque nos dej\u00f3 un tiempo de rosas<\/p>\n<p style=\"text-align: center;\">en un rinc\u00f3n,<br \/>\nen un papel<br \/>\no en un caj\u00f3n\u2026<\/p>\n<p style=\"text-align: right;\"><em>\u00a0\u00a0\u00a0\u00a0\u00a0\u00a0\u00a0\u00a0\u00a0\u00a0\u00a0\u00a0\u00a0\u00a0 \u00a0 \u00a0 \u00a0 \u00a0\u00a0 Letra y M\u00fasica: Joan Manuel Serrat.<\/em><\/p>\n<p>&nbsp;<\/p>\n<p>&nbsp;<\/p>\n<p><strong>T\u00edtulo: \u201cAQUELLAS PEQUE\u00d1AS COSAS\u201d<\/strong><br \/>\n<strong>Medidas: 61&#215;50 Cm.<\/strong><br \/>\n<strong>T\u00e9cnica: \u00d3leo sobre lienzo.<\/strong><\/p>\n<p>&nbsp;<\/p>\n","protected":false},"excerpt":{"rendered":"<p>Uno se cree que las mat\u00f3 el tiempo y la ausencia. Pero su tren vendi\u00f3 boleto de ida y vuelta Son aquellas peque\u00f1as cosas, que nos dej\u00f3 un tiempo de rosas en un rinc\u00f3n, en un papel o en un <span class=\"excerpt-dots\">&hellip;<\/span> <a class=\"more-link\" href=\"https:\/\/feguars.es\/?page_id=554\"><span class=\"more-msg\">Sigue leyendo &rarr;<\/span><\/a><\/p>\n","protected":false},"author":1,"featured_media":557,"parent":174,"menu_order":0,"comment_status":"closed","ping_status":"closed","template":"","meta":{"footnotes":""},"class_list":["post-554","page","type-page","status-publish","has-post-thumbnail","hentry"],"_links":{"self":[{"href":"https:\/\/feguars.es\/index.php?rest_route=\/wp\/v2\/pages\/554","targetHints":{"allow":["GET"]}}],"collection":[{"href":"https:\/\/feguars.es\/index.php?rest_route=\/wp\/v2\/pages"}],"about":[{"href":"https:\/\/feguars.es\/index.php?rest_route=\/wp\/v2\/types\/page"}],"author":[{"embeddable":true,"href":"https:\/\/feguars.es\/index.php?rest_route=\/wp\/v2\/users\/1"}],"replies":[{"embeddable":true,"href":"https:\/\/feguars.es\/index.php?rest_route=%2Fwp%2Fv2%2Fcomments&post=554"}],"version-history":[{"count":11,"href":"https:\/\/feguars.es\/index.php?rest_route=\/wp\/v2\/pages\/554\/revisions"}],"predecessor-version":[{"id":1059,"href":"https:\/\/feguars.es\/index.php?rest_route=\/wp\/v2\/pages\/554\/revisions\/1059"}],"up":[{"embeddable":true,"href":"https:\/\/feguars.es\/index.php?rest_route=\/wp\/v2\/pages\/174"}],"wp:featuredmedia":[{"embeddable":true,"href":"https:\/\/feguars.es\/index.php?rest_route=\/wp\/v2\/media\/557"}],"wp:attachment":[{"href":"https:\/\/feguars.es\/index.php?rest_route=%2Fwp%2Fv2%2Fmedia&parent=554"}],"curies":[{"name":"wp","href":"https:\/\/api.w.org\/{rel}","templated":true}]}}