{"id":560,"date":"2016-02-19T17:57:16","date_gmt":"2016-02-19T17:57:16","guid":{"rendered":"http:\/\/feguars.es\/?page_id=560"},"modified":"2018-06-29T16:15:21","modified_gmt":"2018-06-29T16:15:21","slug":"cancion-para-pilar","status":"publish","type":"page","link":"https:\/\/feguars.es\/?page_id=560","title":{"rendered":"Canci\u00f3n para Pilar"},"content":{"rendered":"<p><a href=\"http:\/\/feguars.es\/wp-content\/uploads\/2016\/02\/Canci\u00f3n-para-Pilar-81x100-Cm..jpg\" data-gallery><img loading=\"lazy\" decoding=\"async\" class=\"aligncenter wp-image-561\" src=\"http:\/\/feguars.es\/wp-content\/uploads\/2016\/02\/Canci\u00f3n-para-Pilar-81x100-Cm.-300x243.jpg\" alt=\"Canci\u00f3n para Pilar 81x100 Cm.\" width=\"371\" height=\"304\" \/><\/a><\/p>\n<p><strong>T\u00edtulo: \u201dCANCI\u00d3N PARA PILAR\u201d.<\/strong><br \/>\n<strong>Medidas: 81&#215;199 Cm.<\/strong><br \/>\n<strong>T\u00e9cnica: \u00d3leo sobre lienzo.<\/strong><\/p>\n<p style=\"text-align: center;\">En medio del camino me sent\u00e9<br \/>\nquem\u00e9 las naves, me olvid\u00e9 de pensar<br \/>\ny en el vac\u00edo naci\u00f3 esta canci\u00f3n para Pilar.<\/p>\n<p style=\"text-align: center;\">Como el viento y el mar<br \/>\ncomo el p\u00e1jaro ama su libertad<br \/>\ncomo el vino y la sal<br \/>\ncomo el aire y el pan<br \/>\nas\u00ed es Pilar\u2026.<\/p>\n<p><em>Letra y M\u00fasica: V\u00edctor Manuel.<\/em><\/p>\n","protected":false},"excerpt":{"rendered":"<p>T\u00edtulo: \u201dCANCI\u00d3N PARA PILAR\u201d. Medidas: 81&#215;199 Cm. T\u00e9cnica: \u00d3leo sobre lienzo. En medio del camino me sent\u00e9 quem\u00e9 las naves, me olvid\u00e9 de pensar y en el vac\u00edo naci\u00f3 esta canci\u00f3n para Pilar. Como el viento y el mar como <span class=\"excerpt-dots\">&hellip;<\/span> <a class=\"more-link\" href=\"https:\/\/feguars.es\/?page_id=560\"><span class=\"more-msg\">Sigue leyendo &rarr;<\/span><\/a><\/p>\n","protected":false},"author":1,"featured_media":561,"parent":174,"menu_order":0,"comment_status":"closed","ping_status":"closed","template":"","meta":{"footnotes":""},"class_list":["post-560","page","type-page","status-publish","has-post-thumbnail","hentry"],"_links":{"self":[{"href":"https:\/\/feguars.es\/index.php?rest_route=\/wp\/v2\/pages\/560","targetHints":{"allow":["GET"]}}],"collection":[{"href":"https:\/\/feguars.es\/index.php?rest_route=\/wp\/v2\/pages"}],"about":[{"href":"https:\/\/feguars.es\/index.php?rest_route=\/wp\/v2\/types\/page"}],"author":[{"embeddable":true,"href":"https:\/\/feguars.es\/index.php?rest_route=\/wp\/v2\/users\/1"}],"replies":[{"embeddable":true,"href":"https:\/\/feguars.es\/index.php?rest_route=%2Fwp%2Fv2%2Fcomments&post=560"}],"version-history":[{"count":4,"href":"https:\/\/feguars.es\/index.php?rest_route=\/wp\/v2\/pages\/560\/revisions"}],"predecessor-version":[{"id":1391,"href":"https:\/\/feguars.es\/index.php?rest_route=\/wp\/v2\/pages\/560\/revisions\/1391"}],"up":[{"embeddable":true,"href":"https:\/\/feguars.es\/index.php?rest_route=\/wp\/v2\/pages\/174"}],"wp:featuredmedia":[{"embeddable":true,"href":"https:\/\/feguars.es\/index.php?rest_route=\/wp\/v2\/media\/561"}],"wp:attachment":[{"href":"https:\/\/feguars.es\/index.php?rest_route=%2Fwp%2Fv2%2Fmedia&parent=560"}],"curies":[{"name":"wp","href":"https:\/\/api.w.org\/{rel}","templated":true}]}}