{"id":818,"date":"2016-03-30T09:14:18","date_gmt":"2016-03-30T09:14:18","guid":{"rendered":"http:\/\/feguars.es\/?page_id=818"},"modified":"2018-06-29T16:13:49","modified_gmt":"2018-06-29T16:13:49","slug":"canto-a-la-libertad","status":"publish","type":"page","link":"https:\/\/feguars.es\/?page_id=818","title":{"rendered":"Canto a la Libertad"},"content":{"rendered":"<p><a href=\"http:\/\/feguars.es\/wp-content\/uploads\/2016\/03\/Canto-a-la-libertad-114x146-Cm.-1.jpg\" data-gallery><img loading=\"lazy\" decoding=\"async\" class=\"aligncenter wp-image-820 \" src=\"http:\/\/feguars.es\/wp-content\/uploads\/2016\/03\/Canto-a-la-libertad-114x146-Cm.-1-300x235.jpg\" alt=\"Canto a la libertad 114x146 Cm.\" width=\"349\" height=\"274\" srcset=\"https:\/\/feguars.es\/wp-content\/uploads\/2016\/03\/Canto-a-la-libertad-114x146-Cm.-1-300x235.jpg 300w, https:\/\/feguars.es\/wp-content\/uploads\/2016\/03\/Canto-a-la-libertad-114x146-Cm.-1-768x601.jpg 768w, https:\/\/feguars.es\/wp-content\/uploads\/2016\/03\/Canto-a-la-libertad-114x146-Cm.-1-384x300.jpg 384w, https:\/\/feguars.es\/wp-content\/uploads\/2016\/03\/Canto-a-la-libertad-114x146-Cm.-1.jpg 900w\" sizes=\"auto, (max-width: 349px) 100vw, 349px\" \/><\/a><\/p>\n<table id=\"table37\" border=\"0\" width=\"100%\" cellpadding=\"0\">\n<tbody>\n<tr>\n<td width=\"24%\"><b><span style=\"font-family: Verdana; font-size: x-large;\">T\u00edtulo<\/span><\/b><\/td>\n<td><span style=\"font-family: Verdana; font-size: x-large;\">Canto a la Libertad<\/span><\/td>\n<\/tr>\n<tr>\n<td width=\"24%\"><b><span style=\"font-family: Verdana; font-size: x-large;\">Medidas<\/span><\/b><\/td>\n<td><span style=\"font-family: Verdana; font-size: x-large;\">116 x 89 cm<\/span><\/td>\n<\/tr>\n<tr>\n<td width=\"24%\"><b><span style=\"font-family: Verdana; font-size: x-large;\">T\u00e9cnica<\/span><\/b><\/td>\n<td><span style=\"font-family: Verdana; font-size: x-large;\">\u00d3leo sobre lienzo.<\/span><\/td>\n<\/tr>\n<tr>\n<td colspan=\"2\"><b><span style=\"font-family: Verdana; font-size: small;\">Basado en la canci\u00f3n del mismo t\u00edtulo de Jos\u00e9 Antonio Labordeta<\/span><\/b><\/td>\n<\/tr>\n<\/tbody>\n<\/table>\n<p style=\"text-align: center;\">Habr\u00e1 un d\u00eda<br \/>\nen que todos<br \/>\nal levantar la vista,<br \/>\nveremos una tierra<br \/>\nque ponga libertad.<\/p>\n<p style=\"text-align: center;\">Hermano, aqu\u00ed mi mano,<br \/>\nser\u00e1 tuya mi frente,<br \/>\ny tu gesto de siempre<br \/>\ncaer\u00e1 sin levantar<br \/>\nhuracanes de miedo<br \/>\nante la libertad.<\/p>\n<p style=\"text-align: center;\">Haremos el camino<br \/>\nen un mismo trazado,<br \/>\nuniendo nuestros hombros<br \/>\npara as\u00ed levantar<br \/>\na aquellos que cayeron<br \/>\ngritando libertad.<\/p>\n<p style=\"text-align: center;\">Habr\u00e1 un d\u00eda<br \/>\nen que todos<br \/>\nal levantar la vista,<br \/>\nveremos una tierra<br \/>\nque ponga libertad.<\/p>\n<p style=\"text-align: center;\">Sonar\u00e1n las campanas<br \/>\ndesde los campanarios,<br \/>\ny los campos desiertos<br \/>\nvolver\u00e1n a granar<br \/>\nunas espigas altas<br \/>\ndispuestas para el pan.<\/p>\n<p style=\"text-align: center;\">Para un pan que en los siglos<br \/>\nnunca fue repartido<br \/>\nentre todos aquellos<br \/>\nque hicieron lo posible<br \/>\npor empujar la historia<br \/>\nhacia la libertad.<\/p>\n<p style=\"text-align: center;\">Habr\u00e1 un d\u00eda<br \/>\nen que todos<br \/>\nal levantar la vista,<br \/>\nveremos una tierra<br \/>\nque ponga libertad.<\/p>\n<p style=\"text-align: center;\">Tambi\u00e9n ser\u00e1 posible<br \/>\nque esa hermosa ma\u00f1ana<br \/>\nni t\u00fa, ni yo, ni el otro<br \/>\nla lleguemos a ver;<br \/>\npero habr\u00e1 que forzarla<br \/>\npara que pueda ser.<\/p>\n<p style=\"text-align: center;\">Que sea como un viento<br \/>\nque arranque los matojos<br \/>\nsurgiendo la verdad,<br \/>\ny limpie los caminos<br \/>\nde siglos de destrozos<br \/>\ncontra la libertad.<\/p>\n<p style=\"text-align: center;\">Habr\u00e1 un d\u00eda<br \/>\nen que todos<br \/>\nal levantar la vista,<br \/>\nveremos una tierra<br \/>\nque ponga libertad.<\/p>\n<p style=\"text-align: center;\">Habr\u00e1 un d\u00eda<br \/>\nen que todos<br \/>\nal levantar la vista,<br \/>\nveremos una tierra<br \/>\nque ponga libertad.<\/p>\n<p style=\"text-align: center;\">\n","protected":false},"excerpt":{"rendered":"<p>T\u00edtulo Canto a la Libertad Medidas 116 x 89 cm T\u00e9cnica \u00d3leo sobre lienzo. Basado en la canci\u00f3n del mismo t\u00edtulo de Jos\u00e9 Antonio Labordeta Habr\u00e1 un d\u00eda en que todos al levantar la vista, veremos una tierra que ponga <span class=\"excerpt-dots\">&hellip;<\/span> <a class=\"more-link\" href=\"https:\/\/feguars.es\/?page_id=818\"><span class=\"more-msg\">Sigue leyendo &rarr;<\/span><\/a><\/p>\n","protected":false},"author":1,"featured_media":820,"parent":174,"menu_order":0,"comment_status":"closed","ping_status":"closed","template":"","meta":{"footnotes":""},"class_list":["post-818","page","type-page","status-publish","has-post-thumbnail","hentry"],"_links":{"self":[{"href":"https:\/\/feguars.es\/index.php?rest_route=\/wp\/v2\/pages\/818","targetHints":{"allow":["GET"]}}],"collection":[{"href":"https:\/\/feguars.es\/index.php?rest_route=\/wp\/v2\/pages"}],"about":[{"href":"https:\/\/feguars.es\/index.php?rest_route=\/wp\/v2\/types\/page"}],"author":[{"embeddable":true,"href":"https:\/\/feguars.es\/index.php?rest_route=\/wp\/v2\/users\/1"}],"replies":[{"embeddable":true,"href":"https:\/\/feguars.es\/index.php?rest_route=%2Fwp%2Fv2%2Fcomments&post=818"}],"version-history":[{"count":6,"href":"https:\/\/feguars.es\/index.php?rest_route=\/wp\/v2\/pages\/818\/revisions"}],"predecessor-version":[{"id":1053,"href":"https:\/\/feguars.es\/index.php?rest_route=\/wp\/v2\/pages\/818\/revisions\/1053"}],"up":[{"embeddable":true,"href":"https:\/\/feguars.es\/index.php?rest_route=\/wp\/v2\/pages\/174"}],"wp:featuredmedia":[{"embeddable":true,"href":"https:\/\/feguars.es\/index.php?rest_route=\/wp\/v2\/media\/820"}],"wp:attachment":[{"href":"https:\/\/feguars.es\/index.php?rest_route=%2Fwp%2Fv2%2Fmedia&parent=818"}],"curies":[{"name":"wp","href":"https:\/\/api.w.org\/{rel}","templated":true}]}}