{"id":89,"date":"2015-04-27T14:20:29","date_gmt":"2015-04-27T14:20:29","guid":{"rendered":"http:\/\/feguars.es\/?page_id=89"},"modified":"2025-09-05T11:54:03","modified_gmt":"2025-09-05T11:54:03","slug":"premios-y-reconocimientos","status":"publish","type":"page","link":"https:\/\/feguars.es\/?page_id=89","title":{"rendered":"Premios y Reconocimientos"},"content":{"rendered":"<table width=\"100%\">\n<tbody>\n<tr>\n<td width=\"85\"><strong>2000<\/strong><\/td>\n<td width=\"1026\">\n<ul>\n<li>Diploma de Finalista en el III Certamen Nacional de Pintura Deportiva organizado por la Fundaci\u00f3n Zerumuga. Barcelona.Diploma de Finalista en el IV Trofeo Remo-Brindisi. Premio Internacional de<\/li>\n<li>Pintura y Escultura. Europ Art Group. Castelle Estense Mesola (Ferrara-Italia).<\/li>\n<\/ul>\n<\/td>\n<\/tr>\n<tr>\n<td width=\"85\"><strong>2001<\/strong><\/td>\n<td>\n<ul>\n<li>Cuarto premio en el II Sal\u00f3n de Invierno organizado en la Galer\u00eda ESART, c\/<\/li>\n<li>Diputaci\u00f3n, 188 de Barcelona.<\/li>\n<li>Menci\u00f3n especial en el III Concurso de Artes Pl\u00e1sticas organizado por la C\u00e1mara Oficial de Comercio de Espa\u00f1a en Francia y el Colegio de Espa\u00f1a. Par\u00eds (Francia)<\/li>\n<\/ul>\n<\/td>\n<\/tr>\n<tr>\n<td width=\"85\"><strong>2002<\/strong><\/td>\n<td>\n<ul>\n<li>Diploma de Honor en el III Sal\u00f3n de invierno organizado por la galer\u00eda ESART. C\/ Diputaci\u00f3n, 188 de Barcelona.Diploma de Honor en el I Certamen de pintura de la Delegaci\u00f3n del Gobierno en Arag\u00f3n.<\/li>\n<\/ul>\n<\/td>\n<\/tr>\n<tr>\n<td width=\"85\"><strong>2003<\/strong><\/td>\n<td>\n<ul>\n<li>Segundo premio en la VII Arroclada de Pintura de la Comarca de los Monegros.<br \/>\nDiploma en el II Certamen de pintura de la Delegaci\u00f3n del Gobierno en Arag\u00f3n<\/li>\n<\/ul>\n<\/td>\n<\/tr>\n<tr>\n<td width=\"85\"><strong>2004<\/strong><\/td>\n<td>\n<ul>\n<li>Primer Premio de la 1\u00aa Muestra Internacional Triennale del Minicuadro 2004. Galer\u00eda D\u2019Arte Moderno Alba. Ferrara. ItaliaDiploma D\u2019Excellencia V Sal\u00f3 D\u2019Hivern 2004. Galer\u00eda Esart. Barcelona<\/li>\n<li>Diploma de M\u00e9rito. Premio Cosme Tura 2004. Galer\u00eda D\u2019Arte Moderno Alba. Ferrara. Italia.<\/li>\n<\/ul>\n<\/td>\n<\/tr>\n<tr>\n<td width=\"85\"><strong>2005<\/strong><\/td>\n<td>\n<ul>\n<li>Medalla de Honor en el VI Sal\u00f3 d\u2019hivern 2005. Galer\u00eda Esart. Barcelona.Acad\u00e9mico de la Academia Internacional \u201cGreci-Marino\u201d (Secci\u00f3n Arte) de Vercelli (Italia)<\/li>\n<\/ul>\n<\/td>\n<\/tr>\n<tr>\n<td width=\"85\"><strong>2006<\/strong><\/td>\n<td>\n<ul>\n<li>Medalla de oro del VII Sal\u00f3 d\u2019hivern. Galer\u00eda Esart. Barcelona.<\/li>\n<li>Trofeo y Diploma de m\u00e9rito Gran Premio \u201cCitt\u00e0 di Grosetto\u201d. Academia Italiana \u201cGli Etruschi\u201d. Italia<\/li>\n<li>Trofeo y Diploma de m\u00e9rito Gran Premio Internacional G\u00e9nova<\/li>\n<li>Arte 2006 Accademia Araldica Internazionle \u201cIl Marzocco\u201d di Firenze. Italia<\/li>\n<\/ul>\n<\/td>\n<\/tr>\n<tr>\n<td width=\"85\"><strong>2007<\/strong><\/td>\n<td>\n<ul>\n<li>Diploma de Honor del Certamen de Pintura a\u00f1o 2007 de la Academia Sta. Rita. Torino. Italia.<\/li>\n<li>Menci\u00f3n de honor en Exposici\u00f3n \u201cRenten Art Exhibition\u201d Metropolitan Museum de Tokio. Jap\u00f3n<\/li>\n<li>Medalla de plata del VIII Sal\u00f3 Internacional d\u2019hivern. Galer\u00eda Esart. Barcelona con la colaboraci\u00f3n de la Academia Internazionale \u201cSANTARITA\u201d. Torino Italia<\/li>\n<li>Diploma de m\u00e9rito \u201cPremio Alba 2007\u201d Galer\u00eda Arte Moderno Alba. Ferrara. Italia<\/li>\n<li>Primo Classificato 7\u00ba Concurso Europeo Academia Internazionale \u201cCitt\u00e1 di Roma\u201d en Arcos Del Valdevez. Portugal<\/li>\n<li>Medalla de plata en \u201cSeiko Art Exhibition\u201d Metropolitan Museum de Tokio. Jap\u00f3n.<\/li>\n<\/ul>\n<\/td>\n<\/tr>\n<tr>\n<td width=\"85\"><strong>2008<\/strong><\/td>\n<td>\n<ul>\n<li>Premio de Honor Atelier de Arte P\u00e9rez-Belfer. Grupo Artistas Visuales Galer\u00eda Artexpresion. Showart en Punta del Este. Uruguay.<\/li>\n<li>Menci\u00f3n especial en el X Concurso de Artes Pl\u00e1sticas organizado por la C\u00e1mara Oficial de Comercio de Espa\u00f1a en Francia y el Colegio de Espa\u00f1a. Par\u00eds (Francia).<\/li>\n<li>Medalla de oro en el Sal\u00f3n Internacional de Kobe, Museum Hyogo Kobe. Jap\u00f3n<\/li>\n<li>Diploma de honor en la International Gallery Sun Yat-Sen National Memorial Hall en Taipei (Taiwan)<\/li>\n<li>Medalla de oro en la Muestra Europea \u201cMeeting Artistico a Roma, Sopritenza Beni Artistici e Storici, S.S. XII Apostoli\u201d Roma Italia<\/li>\n<\/ul>\n<\/td>\n<\/tr>\n<tr>\n<td width=\"85\"><strong>2009<\/strong><\/td>\n<td>\n<ul>\n<li>Premio de Honor Accademia Internazionale \u201cGreci- Marino\u201d en el X Sal\u00f3n de<br \/>\nInvierno. Galer\u00eda Esart. Barcelona.<\/li>\n<li>Medalla de oro en \u201cCollective Exhibition\u201d .Camden Art Gallery 61 Chal K Farm Road. N WI 8AN. London<\/li>\n<li>Diploma de reconocimiento \u201cInternational Artexpo\u201d Florida Sysproductions Gallery. Miami-Florida. U.S.A.<\/li>\n<li>Premio de Honor Show Art International Museo Roca. Ciudad de Buenos Aires.Argentina<\/li>\n<li>Diploma de reconocimiento Art Irland 2009, Main Hall, RDS, Ballsbridge. Dublin 4, Ireland.<\/li>\n<li>Premio de Honor Show Art International \u201cArte+Artex\u201d. Fort Laurdale Multicultural Art Institule Florida &#8211; USA<\/li>\n<li>Diploma de reconocimiento Edinburgh Art Fair 2009. Edinburgh<br \/>\nCorn Exchange. Edinburgo<\/li>\n<\/ul>\n<\/td>\n<\/tr>\n<tr>\n<td width=\"85\"><strong>2010<\/strong><\/td>\n<td>\n<ul>\n<li>2\u00ba Premio XI Sal\u00f3n de Invierno 2010. Galer\u00eda Esart. Barcelona.<\/li>\n<li>Diploma de Reconocimiento Internacional por su Creatividad. Academia Internacional\u201dGrecia-Marino\u201d<\/li>\n<li>Vercelli. Italia y Galer\u00eda Paz Feliz. Madrid.<\/li>\n<li>Diploma Fine Art Prize en la International Art Exchange Exhibition. Kobe. Jap\u00f3n.<\/li>\n<li>Trofeo y Diploma de m\u00e9rito en Grand Prix International Giorgio Barbarelli, Accademia \u201cIl Marzocco\u201d Firenze Italia.<\/li>\n<\/ul>\n<\/td>\n<\/tr>\n<tr>\n<td><strong>2011<\/strong><\/td>\n<td>\n<ul>\n<li>Trofeo y Pergamena De Acad\u00e9mique d\u00b4Honneur , Gran Prix International \u201cIl Parmigianino\u201d.Accademia Gentilizia \u201cIl Marzocco\u201d Florencia. Italia.<\/li>\n<li>Trofeo y Medalla de Reconocimiento por su dedicaci\u00f3n al Arte. Academia Internacional \u201dGreci-Marino\u201d<\/li>\n<li>Medalla de oro en el International Art Exchange Exhibition. Museum Hyogo Kobe. Jap\u00f3n<\/li>\n<li>Diploma y Medalla a la carrera art\u00edstica en el XII Sal\u00f3n de Invierno 2011. Galer\u00eda Esart. Barcelona.<\/li>\n<\/ul>\n<\/td>\n<\/tr>\n<tr>\n<td><strong>2012<\/strong><\/td>\n<td>\n<ul>\n<li>Diploma al m\u00e9rito art\u00edstico de la obra XIII Sal\u00f3n de Invierno 2012. Galer\u00eda Esart. Barcelona.<\/li>\n<li>Trofeo y Medalla de reconocimiento Internacional Academia \u201cGreci Marino\u201d Vercelli. Italia y Galer\u00eda Esart. Barcelona.<\/li>\n<li>Medalla y Diploma de Reconocimiento Exhibiti\u00f3n Jadite Galleries New York 2012<\/li>\n<li>Medalla de oro Sal\u00f3n de Verano BCM Gallery. Barcelona julio 2012<\/li>\n<li>Trofeo y Diploma Fine Art Prize \u201cInternational Art Exchange Exibition KOBE 2012\u201d held in HIOGO Prefecture Fine ARTS Municipal Museum. Jap\u00f3n<\/li>\n<\/ul>\n<\/td>\n<\/tr>\n<tr>\n<td><strong>2013<\/strong><\/td>\n<td>\n<ul>\n<li>Trofeo y Medalla de oro en el 14 Sal\u00f3n de Invierno de Artistas Emergentes. Sala L\u00b4Eix Comercial Rabal &#8211; Carrer Nou de la Rambla, 14. Barcelona.<\/li>\n<li>Trofeo y Medalla de oro International Art Exchange Exhibition en Akashi City Museum of Culture Japan<\/li>\n<li>Trofeo y Diploma en reconocimiento a su carrera art\u00edstica en el Colegio Oficial de M\u00e9dicos de Barcelona.<\/li>\n<\/ul>\n<\/td>\n<\/tr>\n<tr>\n<td><strong>2014<\/strong><\/td>\n<td>\n<ul>\n<li>Diploma de reconocimiento Internacional Academia \u201cGreci Marino\u201d Vercelli. Italia en el 15 Sal\u00f3n de Invierno de Artistas Emergentes. Sala L\u00b4Eix Comercial Rabal Carrer Nou de la Rambla , 14. Barcelona.<\/li>\n<li>Medalla de oro en Museum of the Americas 25 00 NW 79 th Doral, FL 33122 Florida U.S.A.<\/li>\n<li>Diploma de reconocimiento en la \u201cInternational Art Exchange Exhibitrion KOBE 2014\u201d held in HYOGO Prefecture Fine Arts Municipal Museum.<\/li>\n<\/ul>\n<\/td>\n<\/tr>\n<tr>\n<td><strong>2015<\/strong><\/td>\n<td>\n<ul>\n<li>Diploma de reconocimiento de la Asociaci\u00f3n Espa\u00f1ola de Pintores y Escultores por la participaci\u00f3n en el Homenaje por el IV Centenario de la muerte del Greco.<\/li>\n<li>Trofeo y Medalla de reconocimiento en el XVI Sal\u00f3n de Invierno. Sala L\u00c9ix Comercial Rabal Carrer Nou de la Rambla, 14 Barcelona.<\/li>\n<li>Tercera Medalla de la Asociaci\u00f3n Espa\u00f1ola de Pintores y Escultores en el 82 Sal\u00f3n de Oto\u00f1o en la Casa De Vacas del Parque El Buen Retiro. Madrid.<\/li>\n<\/ul>\n<\/td>\n<\/tr>\n<tr>\n<td><strong>2016<\/strong><\/td>\n<td>\n<ul>\n<li>Diploma de reconocimiento y Trofeo en el Sal\u00f3n de Primavera Galer\u00eda L\u2019eix Comercial del Raval. Barcelona.<\/li>\n<li>Premio Interesarte en el 83 Sal\u00f3n de Oto\u00f1o de la Asociaci\u00f3n Espa\u00f1ola de Pintores y Escultores en la Casa de Vacas del Parque del Buen Retiro. Madrid.<\/li>\n<li>Diploma de sobresaliente a la carrera art\u00edstica y Medalla de oro en el XVII Sal\u00f3n de Invierno de la Federaci\u00f3n de Asociaciones de Comercio y Entidades del Raval. Carrer Nou de la Rambla 14 Barcelona.<\/li>\n<\/ul>\n<\/td>\n<\/tr>\n<tr>\n<td><strong>2017<\/strong><\/td>\n<td>\n<ul>\n<li>Diploma de reconocimiento y trofeo en la \u201cInternational Art Exchange Exhibitrion KOBE 2017\u201d held in HYOGO Prefecture Fine Arts Municipal Museum.<\/li>\n<\/ul>\n<\/td>\n<\/tr>\n<tr>\n<td><strong>2018<\/strong><\/td>\n<td>\n<ul>\n<li>Diploma de m\u00e9rito X Sal\u00f3n de Primavera 2018 Sala Claret Barcelona.<\/li>\n<li>Diploma Sobresaliente a su carrera art\u00edstica. XX Sal\u00f3n de Invierno Galer\u00eda L\u2019Eix Comercial del Raval. Barcelona.<\/li>\n<li>Diploma de reconocimiento y trofeo en la International Art Exchange Exhibiti\u00f3n Kobe, Japan 2018<\/li>\n<li>Diploma y trofeo a la carrera art\u00edstica exposici\u00f3n Colegio de M\u00e9dicos de Barcelona 2018.<\/li>\n<\/ul>\n<\/td>\n<\/tr>\n<tr>\n<td><strong>2019<\/strong><\/td>\n<td>\n<ul>\n<li>Diploma Sobresaliente a su carrera art\u00edstica XXII Sal\u00f3n de Primavera Galer\u00eda L\u2019eix Comercial del Raval. Barcelona.<\/li>\n<\/ul>\n<\/td>\n<\/tr>\n<tr>\n<td><strong>2023<\/strong><\/td>\n<td>\n<ul>\n<li>Diploma Excma. Diputaci\u00f3n Provincial de Toledo en reconocimiento, por la selecci\u00f3n de su obra \u201cGrecometr\u00eda\u201d.<\/li>\n<\/ul>\n<\/td>\n<\/tr>\n<tr>\n<td><strong>2024<\/strong><\/td>\n<td>\n<ul>\n<li>Portada \u201cAl Alba\u201d en Artes &amp; Letras N\u00ba 840 18 de enero Heraldo de Arag\u00f3n. Zaragoza.<\/li>\n<\/ul>\n<\/td>\n<\/tr>\n<\/tbody>\n<\/table>\n","protected":false},"excerpt":{"rendered":"<p>2000 Diploma de Finalista en el III Certamen Nacional de Pintura Deportiva organizado por la Fundaci\u00f3n Zerumuga. Barcelona.Diploma de Finalista en el IV Trofeo Remo-Brindisi. Premio Internacional de Pintura y Escultura. Europ Art Group. Castelle Estense Mesola (Ferrara-Italia). 2001 Cuarto <span class=\"excerpt-dots\">&hellip;<\/span> <a class=\"more-link\" href=\"https:\/\/feguars.es\/?page_id=89\"><span class=\"more-msg\">Sigue leyendo &rarr;<\/span><\/a><\/p>\n","protected":false},"author":1,"featured_media":0,"parent":41,"menu_order":0,"comment_status":"closed","ping_status":"closed","template":"","meta":{"footnotes":""},"class_list":["post-89","page","type-page","status-publish","hentry"],"_links":{"self":[{"href":"https:\/\/feguars.es\/index.php?rest_route=\/wp\/v2\/pages\/89","targetHints":{"allow":["GET"]}}],"collection":[{"href":"https:\/\/feguars.es\/index.php?rest_route=\/wp\/v2\/pages"}],"about":[{"href":"https:\/\/feguars.es\/index.php?rest_route=\/wp\/v2\/types\/page"}],"author":[{"embeddable":true,"href":"https:\/\/feguars.es\/index.php?rest_route=\/wp\/v2\/users\/1"}],"replies":[{"embeddable":true,"href":"https:\/\/feguars.es\/index.php?rest_route=%2Fwp%2Fv2%2Fcomments&post=89"}],"version-history":[{"count":12,"href":"https:\/\/feguars.es\/index.php?rest_route=\/wp\/v2\/pages\/89\/revisions"}],"predecessor-version":[{"id":4141,"href":"https:\/\/feguars.es\/index.php?rest_route=\/wp\/v2\/pages\/89\/revisions\/4141"}],"up":[{"embeddable":true,"href":"https:\/\/feguars.es\/index.php?rest_route=\/wp\/v2\/pages\/41"}],"wp:attachment":[{"href":"https:\/\/feguars.es\/index.php?rest_route=%2Fwp%2Fv2%2Fmedia&parent=89"}],"curies":[{"name":"wp","href":"https:\/\/api.w.org\/{rel}","templated":true}]}}