{"id":950,"date":"2017-07-03T15:51:48","date_gmt":"2017-07-03T15:51:48","guid":{"rendered":"http:\/\/feguars.es\/?page_id=950"},"modified":"2021-06-19T10:57:39","modified_gmt":"2021-06-19T10:57:39","slug":"videos","status":"publish","type":"page","link":"https:\/\/feguars.es\/?page_id=950","title":{"rendered":"Videos"},"content":{"rendered":"<div class=\"su-youtube su-u-responsive-media-yes\"><iframe loading=\"lazy\" width=\"600\" height=\"400\" src=\"https:\/\/www.youtube.com\/embed\/Rv9r5TN1KUo?\" frameborder=\"0\" allowfullscreen allow=\"autoplay; encrypted-media; picture-in-picture\" title=\"\"><\/iframe><\/div>\nReportaje sobre la exposici\u00f3n Criptogramas del 25 de mayo al 25 de junio de 2021 en el Centro Cultural San Clemente de Toledo. Se emite en el programa Conectamos Castilla- La Mancha<\/p>\n<div class=\"su-youtube su-u-responsive-media-yes\"><iframe loading=\"lazy\" width=\"600\" height=\"400\" src=\"https:\/\/www.youtube.com\/embed\/q2uhqRjyE0s?\" frameborder=\"0\" allowfullscreen allow=\"autoplay; encrypted-media; picture-in-picture\" title=\"\"><\/iframe><\/div>\nEl de C\u00e1diz v\u00eddeo&#8230;. Exposici\u00f3n de pintura \u00abTransmutaciones\u00bb celebrada en la<br \/>\nR.T.V.A. de C\u00e1diz del 2 al 28 de agosto de 2016.<\/p>\n<div class=\"su-youtube su-u-responsive-media-yes\"><iframe loading=\"lazy\" width=\"600\" height=\"400\" src=\"https:\/\/www.youtube.com\/embed\/mTk_eyrXUAk?\" frameborder=\"0\" allowfullscreen allow=\"autoplay; encrypted-media; picture-in-picture\" title=\"\"><\/iframe><\/div>\nFeguars X 40. Montaje realizado por Javier Espada para la exposici\u00f3n \u00abM\u00fasica Visual en el CBC\u00bb<br \/>\nCentro Bu\u00f1uel de Calanda del 9 de diciembre al 16 de febrero de 2008.<\/p>\n<div class=\"su-youtube su-u-responsive-media-yes\"><iframe loading=\"lazy\" width=\"600\" height=\"400\" src=\"https:\/\/www.youtube.com\/embed\/gr_vflX7qxs?\" frameborder=\"0\" allowfullscreen allow=\"autoplay; encrypted-media; picture-in-picture\" title=\"\"><\/iframe><\/div>\nLA Comarca Te Ve. Entrevista La Comarca TeVe&#8230; Entrevista realizada en la Exposici\u00f3n \u00abEntre las Luz y la Mirada\u00bb en la Casa-Palacio Piazuelo Barber\u00e1n de Caspe en agosto de 2012.<\/p>\n<div class=\"su-youtube su-u-responsive-media-yes\"><iframe loading=\"lazy\" width=\"600\" height=\"400\" src=\"https:\/\/www.youtube.com\/embed\/h_SGWnWX5PU?\" frameborder=\"0\" allowfullscreen allow=\"autoplay; encrypted-media; picture-in-picture\" title=\"\"><\/iframe><\/div>\nJoaqu\u00edn Ferrer Guallar, Feguars. VideoBlook realizado al conceder el premio Interesarte TV en el certamen del 83 Sal\u00f3n de Oto\u00f1o de la Asociaci\u00f3n Espa\u00f1ola de Pintores y Escultores. Madrid noviembre de 2016.<\/p>\n<div class=\"su-youtube su-u-responsive-media-yes\"><iframe loading=\"lazy\" width=\"600\" height=\"400\" src=\"https:\/\/www.youtube.com\/embed\/JWw1qKLbw7s?\" frameborder=\"0\" allowfullscreen allow=\"autoplay; encrypted-media; picture-in-picture\" title=\"\"><\/iframe><\/div>\nFeguars entrevista Sharon Art realizada en la exposici\u00f3n \u00abTrocando Trovas\u00bb en la Galer\u00eda Sharon Art de Le\u00f3n del 24 de abril al 17 de mayo de 2009.<\/p>\n<div class=\"su-youtube su-u-responsive-media-yes\"><iframe loading=\"lazy\" width=\"600\" height=\"400\" src=\"https:\/\/www.youtube.com\/embed\/lOyb50p4jSg?\" frameborder=\"0\" allowfullscreen allow=\"autoplay; encrypted-media; picture-in-picture\" title=\"\"><\/iframe><\/div>\nSala de exposiciones del Centro Cultural San Chinarro &#8211; Madrid.<br \/>\nInterpretaci\u00f3n en flauta en la inauguraci\u00f3n de la exposici\u00f3n del 8 de marzo al 2 de abril de 2017.<\/p>\n<div class=\"su-youtube su-u-responsive-media-yes\"><iframe loading=\"lazy\" width=\"600\" height=\"400\" src=\"https:\/\/www.youtube.com\/embed\/1d3nzicZYq0?\" frameborder=\"0\" allowfullscreen allow=\"autoplay; encrypted-media; picture-in-picture\" title=\"\"><\/iframe><\/div>\nExposici\u00f3n en biblioteca de Arag\u00f3n.<br \/>\n\u00abEncuentros\u00bb &#8211; noviembre de 2018.<\/p>\n","protected":false},"excerpt":{"rendered":"<p>Reportaje sobre la exposici\u00f3n Criptogramas del 25 de mayo al 25 de junio de 2021 en el Centro Cultural San Clemente de Toledo. Se emite en el programa Conectamos Castilla- La Mancha El de C\u00e1diz v\u00eddeo&#8230;. Exposici\u00f3n de pintura \u00abTransmutaciones\u00bb <span class=\"excerpt-dots\">&hellip;<\/span> <a class=\"more-link\" href=\"https:\/\/feguars.es\/?page_id=950\"><span class=\"more-msg\">Sigue leyendo &rarr;<\/span><\/a><\/p>\n","protected":false},"author":1,"featured_media":0,"parent":0,"menu_order":0,"comment_status":"closed","ping_status":"closed","template":"","meta":{"footnotes":""},"class_list":["post-950","page","type-page","status-publish","hentry"],"_links":{"self":[{"href":"https:\/\/feguars.es\/index.php?rest_route=\/wp\/v2\/pages\/950","targetHints":{"allow":["GET"]}}],"collection":[{"href":"https:\/\/feguars.es\/index.php?rest_route=\/wp\/v2\/pages"}],"about":[{"href":"https:\/\/feguars.es\/index.php?rest_route=\/wp\/v2\/types\/page"}],"author":[{"embeddable":true,"href":"https:\/\/feguars.es\/index.php?rest_route=\/wp\/v2\/users\/1"}],"replies":[{"embeddable":true,"href":"https:\/\/feguars.es\/index.php?rest_route=%2Fwp%2Fv2%2Fcomments&post=950"}],"version-history":[{"count":7,"href":"https:\/\/feguars.es\/index.php?rest_route=\/wp\/v2\/pages\/950\/revisions"}],"predecessor-version":[{"id":1646,"href":"https:\/\/feguars.es\/index.php?rest_route=\/wp\/v2\/pages\/950\/revisions\/1646"}],"wp:attachment":[{"href":"https:\/\/feguars.es\/index.php?rest_route=%2Fwp%2Fv2%2Fmedia&parent=950"}],"curies":[{"name":"wp","href":"https:\/\/api.w.org\/{rel}","templated":true}]}}