{"id":96,"date":"2015-04-27T14:42:18","date_gmt":"2015-04-27T14:42:18","guid":{"rendered":"http:\/\/feguars.es\/?page_id=96"},"modified":"2025-09-05T11:56:00","modified_gmt":"2025-09-05T11:56:00","slug":"obras-en-instituciones","status":"publish","type":"page","link":"https:\/\/feguars.es\/?page_id=96","title":{"rendered":"Obras en Instituciones"},"content":{"rendered":"<ul>\n<li>Colegio de Espa\u00f1a.Ciudad Internacional Universitaria de Par\u00eds.<\/li>\n<li>Centro Aragon\u00e9s de Barcelona. C\/ Joaqu\u00edn Costa n\u00ba 68, Barcelona.<\/li>\n<li>Centro de Estudios Comarcales del Bajo Arag\u00f3n-Caspe. Zaragoza.<\/li>\n<li>Instituci\u00f3n Fernando el Cat\u00f3lico.<\/li>\n<li>Ayuntamiento de Salou (Tarragona)<\/li>\n<li>Espacio Ibercaja\u00a0 Castillo Montearag\u00f3n. Huesca.<\/li>\n<li>Sede\u00a0 comarcal\u00a0 de Monegros. (Huesca)<\/li>\n<li>Museo de Bellas Artes.<span class=\"Apple-converted-space\">\u00a0<\/span><span lang=\"FR\">Ch\u00e2teau de Foucaud. Gaillac. Francia.<\/span><\/li>\n<li>Fundaci\u00f3n Marqu\u00e9s de Santillana.\u00a0 Diputaci\u00f3n Provincial de Guadalajara.<\/li>\n<li>Centro Aragon\u00e9s de Valencia. C\/ D. Juan de Austria, 20. Valencia<\/li>\n<li>Casa Natal de Pablo Gargallo. Maella. Zaragoza<\/li>\n<li>Colegio de Aparejadores y Arquitectos t\u00e9cnicos de Barcelona.<\/li>\n<li>Fundaci\u00f3n CREA. Zaragoza.<\/li>\n<li>Ateneo de Madrid.<\/li>\n<li>Centro Bu\u00f1uel de Calanda. (Teruel).<\/li>\n<li>Caja Rural de Toledo<\/li>\n<li>Colegio de Aparejadores y Arquitectos t\u00e9cnicos de Tarrasa.<\/li>\n<li>Ayuntamiento de Valderrobres. (Teruel)<\/li>\n<li>CAI Zaragoza.<\/li>\n<li>CAI Huesca.<\/li>\n<li>Colegio Oficial de Veterinarios de M\u00e1laga.<\/li>\n<li>Centro Cultural Quinta del Berro. Distrito Salamanca. Madrid<\/li>\n<li>MPA Museo Pedag\u00f3gico de Arag\u00f3n. HuescaSede de la RTVA de Sevilla, Isla de la Cartuja. Sevilla<\/li>\n<li>Sede de la RTVA de Sevilla, Isla de la Cartuja. Sevilla.<\/li>\n<li>Sede de la RTVA de C\u00e1diz, C\/ Carpinteros de Ribera n\u00ba 2. C\u00e1diz.<\/li>\n<li>Ateneo de Sevilla c\/ Orfila n\u00ba 7\u00a0 Sevilla.<\/li>\n<li>Galer\u00eda Centro Cultural Montjuic. Barcelona.<\/li>\n<li>Diario Informaci\u00f3n Avda. Doctor Rico 17, Alicante.<\/li>\n<li>Diputaci\u00f3n Provincial de Toledo. Toledo.<\/li>\n<li>Museo Municipal Elisa Cendrero C\/ de Toledo n\u00ba 11\u00a0 13001\u00a0 Ayuntamiento de Ciudad Real.<\/li>\n<li>G C Espacio para el Arte. Plaza Rubiales 1 Linares (Ja\u00e9n)<\/li>\n<li>Fundaci\u00f3n Caja Rural de Arag\u00f3n C\/ Coso 29\u00a0 50003 Zaragoza.<\/li>\n<\/ul>\n<div class=\"su-custom-gallery su-custom-gallery-align-left su-custom-gallery-title-never su-lightbox-gallery\"><div class=\"su-custom-gallery-slide\" style=\"width:220px;height:370px\"><a href=\"https:\/\/feguars.es\/wp-content\/uploads\/2015\/04\/CIMG2585.jpg\" title=\"CIMG2585\" data-gallery><img loading=\"lazy\" decoding=\"async\" src=\"https:\/\/feguars.es\/wp-content\/uploads\/2015\/04\/CIMG2585-220x370.jpg\" alt=\"CIMG2585\" width=\"220\" height=\"370\" \/><span class=\"su-custom-gallery-title\">CIMG2585<\/span><\/a><\/div><div class=\"su-clear\"><\/div><\/div>\n","protected":false},"excerpt":{"rendered":"<p>Colegio de Espa\u00f1a.Ciudad Internacional Universitaria de Par\u00eds. Centro Aragon\u00e9s de Barcelona. C\/ Joaqu\u00edn Costa n\u00ba 68, Barcelona. Centro de Estudios Comarcales del Bajo Arag\u00f3n-Caspe. Zaragoza. Instituci\u00f3n Fernando el Cat\u00f3lico. Ayuntamiento de Salou (Tarragona) Espacio Ibercaja\u00a0 Castillo Montearag\u00f3n. Huesca. Sede\u00a0 comarcal\u00a0 <span class=\"excerpt-dots\">&hellip;<\/span> <a class=\"more-link\" href=\"https:\/\/feguars.es\/?page_id=96\"><span class=\"more-msg\">Sigue leyendo &rarr;<\/span><\/a><\/p>\n","protected":false},"author":1,"featured_media":0,"parent":41,"menu_order":0,"comment_status":"closed","ping_status":"closed","template":"","meta":{"footnotes":""},"class_list":["post-96","page","type-page","status-publish","hentry"],"_links":{"self":[{"href":"https:\/\/feguars.es\/index.php?rest_route=\/wp\/v2\/pages\/96","targetHints":{"allow":["GET"]}}],"collection":[{"href":"https:\/\/feguars.es\/index.php?rest_route=\/wp\/v2\/pages"}],"about":[{"href":"https:\/\/feguars.es\/index.php?rest_route=\/wp\/v2\/types\/page"}],"author":[{"embeddable":true,"href":"https:\/\/feguars.es\/index.php?rest_route=\/wp\/v2\/users\/1"}],"replies":[{"embeddable":true,"href":"https:\/\/feguars.es\/index.php?rest_route=%2Fwp%2Fv2%2Fcomments&post=96"}],"version-history":[{"count":6,"href":"https:\/\/feguars.es\/index.php?rest_route=\/wp\/v2\/pages\/96\/revisions"}],"predecessor-version":[{"id":4143,"href":"https:\/\/feguars.es\/index.php?rest_route=\/wp\/v2\/pages\/96\/revisions\/4143"}],"up":[{"embeddable":true,"href":"https:\/\/feguars.es\/index.php?rest_route=\/wp\/v2\/pages\/41"}],"wp:attachment":[{"href":"https:\/\/feguars.es\/index.php?rest_route=%2Fwp%2Fv2%2Fmedia&parent=96"}],"curies":[{"name":"wp","href":"https:\/\/api.w.org\/{rel}","templated":true}]}}