{"id":979,"date":"2017-09-06T15:22:01","date_gmt":"2017-09-06T15:22:01","guid":{"rendered":"http:\/\/feguars.es\/?page_id=979"},"modified":"2018-06-29T16:18:03","modified_gmt":"2018-06-29T16:18:03","slug":"palabras-para-julia","status":"publish","type":"page","link":"https:\/\/feguars.es\/?page_id=979","title":{"rendered":"Palabras para Julia"},"content":{"rendered":"<p><a href=\"http:\/\/feguars.es\/wp-content\/uploads\/2017\/09\/Palabras-para-Julia.jpg\" data-gallery><img loading=\"lazy\" decoding=\"async\" class=\"aligncenter wp-image-978 \" src=\"http:\/\/feguars.es\/wp-content\/uploads\/2017\/09\/Palabras-para-Julia-300x248.jpg\" alt=\"\" width=\"423\" height=\"351\" srcset=\"https:\/\/feguars.es\/wp-content\/uploads\/2017\/09\/Palabras-para-Julia-300x248.jpg 300w, https:\/\/feguars.es\/wp-content\/uploads\/2017\/09\/Palabras-para-Julia-768x636.jpg 768w, https:\/\/feguars.es\/wp-content\/uploads\/2017\/09\/Palabras-para-Julia-1024x848.jpg 1024w, https:\/\/feguars.es\/wp-content\/uploads\/2017\/09\/Palabras-para-Julia-1148x951.jpg 1148w, https:\/\/feguars.es\/wp-content\/uploads\/2017\/09\/Palabras-para-Julia-362x300.jpg 362w, https:\/\/feguars.es\/wp-content\/uploads\/2017\/09\/Palabras-para-Julia.jpg 1304w\" sizes=\"auto, (max-width: 423px) 100vw, 423px\" \/><\/a><\/p>\n<table>\n<tbody>\n<tr>\n<td width=\"54\"><strong>\u00a0<\/strong><\/td>\n<td width=\"180\"><strong>T\u00edtulo<\/strong><\/td>\n<td width=\"338\">\u201cPalabras para Julia\u201d<\/td>\n<\/tr>\n<tr>\n<td width=\"54\"><strong>\u00a0<\/strong><\/td>\n<td width=\"180\"><strong>Medidas<\/strong><\/td>\n<td width=\"338\">50 x 61 Cm.<\/td>\n<\/tr>\n<tr>\n<td width=\"54\"><strong>\u00a0<\/strong><\/td>\n<td width=\"180\"><strong>T\u00e9cnica<\/strong><\/td>\n<td width=\"338\">\u00d3leo sobre lienzo\u201d<\/td>\n<\/tr>\n<\/tbody>\n<\/table>\n<p style=\"text-align: center;\"><strong>Letra: \u00a0Jos\u00e9 Agust\u00edn Goytisolo.\u00a0\u00a0\u00a0\u00a0 \u00a0\u00a0<\/strong><strong>M\u00fasica: Paco Ib\u00e1\u00f1ez.<\/strong><\/p>\n<p>&nbsp;<\/p>\n<p>T\u00fa no puedes volver atr\u00e1s,<br \/>\nporque la vida ya te empuja,<br \/>\ncomo un aullido interminable,<br \/>\ninterminable.<\/p>\n<p>Te sentir\u00e1s acorralada,<br \/>\nte sentir\u00e1s, perdida o sola,<br \/>\ntal vez querr\u00e1s no haber nacido,<br \/>\nno haber nacido.<\/p>\n<p>Pero t\u00fa siempre acu\u00e9rdate<br \/>\nde lo que un d\u00eda yo escrib\u00ed<br \/>\npensando en ti, pensando en ti,<br \/>\ncomo ahora pienso.<\/p>\n<p>La vida es bella ya ver\u00e1s,<br \/>\ncomo a pesar de los pesares,<br \/>\ntendr\u00e1s amigos, tendr\u00e1s amor,<br \/>\ntendr\u00e1s amigos.<\/p>\n<p>Un hombre solo, una mujer,<br \/>\nas\u00ed tomados, de uno en uno,<br \/>\nson como polvo, no son nada,<br \/>\nno son nada.<\/p>\n<p>Entonces siempre acu\u00e9rdate,<br \/>\nde lo que un d\u00eda yo escrib\u00ed,<br \/>\npensando en ti, pensando en ti,<br \/>\ncomo ahora pienso.<\/p>\n<p>Nunca te entregues, ni te apartes,<br \/>\njunto al camino, nunca digas<br \/>\nno puedo m\u00e1s y aqu\u00ed me quedo,<br \/>\ny aqu\u00ed me quedo.<\/p>\n<p>Otros esperan que resistas,<br \/>\nque les ayude tu alegr\u00eda,<br \/>\nque les ayude tu canci\u00f3n,<br \/>\nentre sus canciones.<\/p>\n<p>Entonces siempre acu\u00e9rdate<br \/>\nde lo que un d\u00eda yo escrib\u00ed,<br \/>\npensando en t\u00ed, pensando en t\u00ed,<br \/>\ncomo ahora pienso.<\/p>\n<p>La vida es bella ya ver\u00e1s,<br \/>\ncomo a pesar de los pesares,<br \/>\ntendr\u00e1s amigos, tendr\u00e1s amor,<br \/>\ntendr\u00e1s amigos.<\/p>\n<p>No s\u00e9 decirte nada m\u00e1s,<br \/>\npero t\u00fa debes comprender,<br \/>\nque yo a\u00fan estoy en el camino,<br \/>\nen el camino.<\/p>\n<p>Pero t\u00fa siempre acu\u00e9rdate<br \/>\nde lo que un d\u00eda yo escrib\u00ed,<br \/>\npensando en t\u00ed, pensando en t\u00ed,<br \/>\ncomo ahora pienso.<\/p>\n","protected":false},"excerpt":{"rendered":"<p>\u00a0 T\u00edtulo \u201cPalabras para Julia\u201d \u00a0 Medidas 50 x 61 Cm. \u00a0 T\u00e9cnica \u00d3leo sobre lienzo\u201d Letra: \u00a0Jos\u00e9 Agust\u00edn Goytisolo.\u00a0\u00a0\u00a0\u00a0 \u00a0\u00a0M\u00fasica: Paco Ib\u00e1\u00f1ez. &nbsp; T\u00fa no puedes volver atr\u00e1s, porque la vida ya te empuja, como un aullido interminable, interminable. <span class=\"excerpt-dots\">&hellip;<\/span> <a class=\"more-link\" href=\"https:\/\/feguars.es\/?page_id=979\"><span class=\"more-msg\">Sigue leyendo &rarr;<\/span><\/a><\/p>\n","protected":false},"author":1,"featured_media":0,"parent":174,"menu_order":0,"comment_status":"closed","ping_status":"closed","template":"","meta":{"footnotes":""},"class_list":["post-979","page","type-page","status-publish","hentry"],"_links":{"self":[{"href":"https:\/\/feguars.es\/index.php?rest_route=\/wp\/v2\/pages\/979","targetHints":{"allow":["GET"]}}],"collection":[{"href":"https:\/\/feguars.es\/index.php?rest_route=\/wp\/v2\/pages"}],"about":[{"href":"https:\/\/feguars.es\/index.php?rest_route=\/wp\/v2\/types\/page"}],"author":[{"embeddable":true,"href":"https:\/\/feguars.es\/index.php?rest_route=\/wp\/v2\/users\/1"}],"replies":[{"embeddable":true,"href":"https:\/\/feguars.es\/index.php?rest_route=%2Fwp%2Fv2%2Fcomments&post=979"}],"version-history":[{"count":7,"href":"https:\/\/feguars.es\/index.php?rest_route=\/wp\/v2\/pages\/979\/revisions"}],"predecessor-version":[{"id":1021,"href":"https:\/\/feguars.es\/index.php?rest_route=\/wp\/v2\/pages\/979\/revisions\/1021"}],"up":[{"embeddable":true,"href":"https:\/\/feguars.es\/index.php?rest_route=\/wp\/v2\/pages\/174"}],"wp:attachment":[{"href":"https:\/\/feguars.es\/index.php?rest_route=%2Fwp%2Fv2%2Fmedia&parent=979"}],"curies":[{"name":"wp","href":"https:\/\/api.w.org\/{rel}","templated":true}]}}